{"id":696,"date":"2023-08-15T14:02:33","date_gmt":"2023-08-15T14:02:33","guid":{"rendered":"http:\/\/mamasherpas.care\/?page_id=696"},"modified":"2023-09-29T12:50:35","modified_gmt":"2023-09-29T12:50:35","slug":"kinga-recsetar-maioli-2","status":"publish","type":"page","link":"https:\/\/mamasherpas.care\/hu\/kinga-recsetar-maioli-2\/","title":{"rendered":"D\u00fala"},"content":{"rendered":"<div data-elementor-type=\"wp-page\" data-elementor-id=\"696\" class=\"elementor elementor-696\" data-elementor-post-type=\"page\">\n\t\t\t\t\t\t<section class=\"elementor-section elementor-top-section elementor-element elementor-element-21a5bf09 elementor-section-boxed elementor-section-height-default elementor-section-height-default\" data-id=\"21a5bf09\" data-element_type=\"section\" data-e-type=\"section\" data-settings=\"{&quot;background_background&quot;:&quot;classic&quot;}\">\n\t\t\t\t\t\t\t<div class=\"elementor-background-overlay\"><\/div>\n\t\t\t\t\t\t\t<div class=\"elementor-container elementor-column-gap-default\">\n\t\t\t\t\t<div class=\"elementor-column elementor-col-100 elementor-top-column elementor-element elementor-element-182c67cb\" data-id=\"182c67cb\" data-element_type=\"column\" data-e-type=\"column\">\n\t\t\t<div class=\"elementor-widget-wrap elementor-element-populated\">\n\t\t\t\t\t\t<div class=\"elementor-element elementor-element-66e7f525 de_scroll_animation_no elementor-invisible elementor-widget elementor-widget-elementskit-heading\" data-id=\"66e7f525\" data-element_type=\"widget\" data-e-type=\"widget\" data-settings=\"{&quot;_animation&quot;:&quot;fadeInUp&quot;}\" data-widget_type=\"elementskit-heading.default\">\n\t\t\t\t<div class=\"elementor-widget-container\">\n\t\t\t\t\t<div class=\"ekit-wid-con\" ><div class=\"ekit-heading elementskit-section-title-wraper text_center   ekit_heading_tablet-   ekit_heading_mobile-\"><h3 class=\"elementskit-section-subtitle\">\n\t\t\t\t\t\tmamasherpas\n\t\t\t\t\t<\/h3><h2 class=\"ekit-heading--title elementskit-section-title\">D\u00fala<\/h2><div class=\"ekit_heading_separetor_wraper ekit_heading_elementskit-border-divider elementskit-style-long\"><div class=\"elementskit-border-divider elementskit-style-long\"><\/div><\/div><\/div><\/div>\t\t\t\t<\/div>\n\t\t\t\t<\/div>\n\t\t\t\t\t<\/div>\n\t\t<\/div>\n\t\t\t\t\t<\/div>\n\t\t<\/section>\n\t\t\t\t<section class=\"elementor-section elementor-top-section elementor-element elementor-element-1905444e elementor-section-boxed elementor-section-height-default elementor-section-height-default\" data-id=\"1905444e\" data-element_type=\"section\" data-e-type=\"section\" data-settings=\"{&quot;background_background&quot;:&quot;classic&quot;}\">\n\t\t\t\t\t\t<div class=\"elementor-container elementor-column-gap-default\">\n\t\t\t\t\t<div class=\"elementor-column elementor-col-50 elementor-top-column elementor-element elementor-element-235de4b9\" data-id=\"235de4b9\" data-element_type=\"column\" data-e-type=\"column\" data-settings=\"{&quot;background_background&quot;:&quot;classic&quot;}\">\n\t\t\t<div class=\"elementor-widget-wrap elementor-element-populated\">\n\t\t\t\t\t\t<div class=\"elementor-element elementor-element-29c5bac0 de_scroll_animation_no elementor-widget elementor-widget-spacer\" data-id=\"29c5bac0\" data-element_type=\"widget\" data-e-type=\"widget\" data-widget_type=\"spacer.default\">\n\t\t\t\t<div class=\"elementor-widget-container\">\n\t\t\t\t\t\t\t<div class=\"elementor-spacer\">\n\t\t\t<div class=\"elementor-spacer-inner\"><\/div>\n\t\t<\/div>\n\t\t\t\t\t\t<\/div>\n\t\t\t\t<\/div>\n\t\t\t\t\t<\/div>\n\t\t<\/div>\n\t\t\t\t<div class=\"elementor-column elementor-col-50 elementor-top-column elementor-element elementor-element-6733b0da\" data-id=\"6733b0da\" data-element_type=\"column\" data-e-type=\"column\">\n\t\t\t<div class=\"elementor-widget-wrap elementor-element-populated\">\n\t\t\t\t\t\t<div class=\"elementor-element elementor-element-3830c26e de_scroll_animation_no elementor-invisible elementor-widget elementor-widget-elementskit-heading\" data-id=\"3830c26e\" data-element_type=\"widget\" data-e-type=\"widget\" data-settings=\"{&quot;_animation&quot;:&quot;fadeInUp&quot;}\" data-widget_type=\"elementskit-heading.default\">\n\t\t\t\t<div class=\"elementor-widget-container\">\n\t\t\t\t\t<div class=\"ekit-wid-con\" ><div class=\"ekit-heading elementskit-section-title-wraper text_left   ekit_heading_tablet-   ekit_heading_mobile-\"><h3 class=\"elementskit-section-subtitle\">\n\t\t\t\t\t\tmamasherpas\n\t\t\t\t\t<\/h3><h2 class=\"ekit-heading--title elementskit-section-title\">Ha a d\u00fala gy\u00f3gyszer lenne, nem lenne etikus nem haszn\u00e1lni.<\/h2><div class=\"ekit_heading_separetor_wraper ekit_heading_elementskit-border-divider elementskit-style-long\"><div class=\"elementskit-border-divider elementskit-style-long\"><\/div><\/div><\/div><\/div>\t\t\t\t<\/div>\n\t\t\t\t<\/div>\n\t\t\t\t<div class=\"elementor-element elementor-element-7697d83a elementor-widget__width-initial de_scroll_animation_no elementor-invisible elementor-widget elementor-widget-text-editor\" data-id=\"7697d83a\" data-element_type=\"widget\" data-e-type=\"widget\" data-settings=\"{&quot;_animation&quot;:&quot;fadeInUp&quot;}\" data-widget_type=\"text-editor.default\">\n\t\t\t\t<div class=\"elementor-widget-container\">\n\t\t\t\t\t\t\t\t\t<h5>K\u00e9pzeld el, hogy \u00e9ppen k\u00e9sz\u00fclsz gyermeked \u00e9rkez\u00e9s\u00e9re, vagycsup\u00e1n nemr\u00e9g v\u00e1lt\u00e1l sz\u00fcl\u0151v\u00e9. Ezek a pillanatok rendk\u00edv\u00fcl k\u00fcl\u00f6nlegesek, de tele lehetnek bizonytalans\u00e1gokkal \u00e9s kih\u00edv\u00e1sokkal is. \u00c9s itt j\u00f6n k\u00e9pbe a d\u00fala - a t\u00e1mogat\u00f3 t\u00e1rsad ezen az \u00faton.<\/h5><p>A d\u00fala olyan, mint a j\u00f3l inform\u00e1lt \u00e9s gondoskod\u00f3 bar\u00e1tod, aki mindig ott van, hogy megfogja a kezedet \u00e9s meghallgasson. Nem eg\u00e9szs\u00e9g\u00fcgyi szakember, de tiszt\u00e1ban van a v\u00e1rand\u00f3ss\u00e1g, a sz\u00fcl\u00e9s \u00e9s a posztpartum id\u0151szak minden fort\u00e9ly\u00e1val. \u0150 az, akikhez fordulhatsz k\u00e9rd\u00e9seiddel, aggodalmaiddal vagy csak az\u00e9rt, mert sz\u00fcks\u00e9ged van valakire, aki meghallgat.<\/p><p>A sz\u00fcl\u00e9s sor\u00e1n a d\u00fala olyan, mint a szem\u00e9lyes szurkol\u00f3d. Seg\u00edt a f\u00e1jdalommal val\u00f3 megk\u00fczd\u00e9sben, komfort technik\u00e1kat k\u00edn\u00e1l, \u00e9s biztos\u00edtja, hogy a hangod meghallgat\u00e1sra tal\u00e1ljon a sz\u00fcl\u0151szob\u00e1n. Ott van, hogy k\u00e9pviselje a k\u00e9r\u00e9seidet, \u00e9s biztos\u00edtsa, hogy magad\u00e9nak \u00e9rezhesd sz\u00fcl\u00e9sed az eg\u00e9sz folyamat sor\u00e1n.<\/p><p>Amikor pedig meg\u00e9rkezik a baba, a posztpartum d\u00fala l\u00e9p be, hogy seg\u00edt\u0151 kezet ny\u00fajtson. \u0150k olyanok, mint a saj\u00e1t bej\u00e1rat\u00fa angyalok az \u00faj sz\u00fcl\u0151knek, seg\u00edtik a baba gondoz\u00e1s\u00e1t, a szoptat\u00e1st, s\u0151t, m\u00e9g a k\u00f6nny\u0171 h\u00e1zimunk\u00e1kat is. De m\u00e9g fontosabb, hogy ott vannak, hogy biztos\u00edtsanak r\u00f3la mennyire fantasztikus munk\u00e1t v\u00e9gzel, \u00e9s hogy teljesen rendben van seg\u00edts\u00e9get k\u00e9rned.<\/p><p>Egy d\u00fala jelenl\u00e9te elk\u00e9peszt\u0151 el\u0151ny\u00f6ket hozhat. Seg\u00edtenek inform\u00e1lt d\u00f6nt\u00e9seket hozni, de sosem befoly\u00e1solnak. Cs\u00f6kkentik a sz\u00fcl\u00e9s k\u00f6zbeni orvosi beavatkoz\u00e1sok sz\u00fcks\u00e9gess\u00e9g\u00e9t, egy csapatban j\u00e1tszanak veled. \u00c9s ak\u00e1r a posztpartum hangulatzavarok kock\u00e1zat\u00e1t is cs\u00f6kkenthetik, mivel \u00e9rzelmi t\u00e1mogat\u00e1st ny\u00fajtanak a sz\u00fcl\u0151v\u00e9 v\u00e1l\u00e1s korai napjaiban.<\/p><p>K\u00e9pzeld el \u00fagy a d\u00fal\u00e1t, mint a megb\u00edzhat\u00f3 t\u00e1rsadat, aki k\u00e9pes\u00edtett tud\u00e1ssal, b\u00e1tor\u00edt\u00e1ssal \u00e9s biztons\u00e1g\u00e9rzettel szolg\u00e1l a \u00e9leted egyik legmeghat\u00e1roz\u00f3bb id\u0151szak\u00e1ban. Legyen sz\u00f3 a sz\u00fcl\u00e9s kih\u00edv\u00e1sai k\u00f6zti navig\u00e1l\u00e1sr\u00f3l, vagy a korai sz\u00fcl\u0151i \u00e9lm\u00e9nyekhez val\u00f3 alkalmazkod\u00e1sr\u00f3l, a d\u00fala szem\u00e9lyre szabott t\u00e1mogat\u00e1sa hatalmas k\u00fcl\u00f6nbs\u00e9get tehet egy pozit\u00edv \u00e9s \u00f6szt\u00f6nz\u0151 \u00e9lm\u00e9ny megteremt\u00e9s\u00e9ben.<\/p>\t\t\t\t\t\t\t\t<\/div>\n\t\t\t\t<\/div>\n\t\t\t\t\t<\/div>\n\t\t<\/div>\n\t\t\t\t\t<\/div>\n\t\t<\/section>\n\t\t\t\t<section class=\"elementor-section elementor-top-section elementor-element elementor-element-e2902e7 elementor-section-boxed elementor-section-height-default elementor-section-height-default\" data-id=\"e2902e7\" data-element_type=\"section\" data-e-type=\"section\">\n\t\t\t\t\t\t<div class=\"elementor-container elementor-column-gap-default\">\n\t\t\t\t\t<div class=\"elementor-column elementor-col-20 elementor-top-column elementor-element elementor-element-dd841cb\" data-id=\"dd841cb\" data-element_type=\"column\" data-e-type=\"column\">\n\t\t\t<div class=\"elementor-widget-wrap elementor-element-populated\">\n\t\t\t\t\t\t<div class=\"elementor-element elementor-element-670112d de_scroll_animation_no elementor-widget elementor-widget-elementskit-team\" data-id=\"670112d\" data-element_type=\"widget\" data-e-type=\"widget\" data-widget_type=\"elementskit-team.default\">\n\t\t\t\t<div class=\"elementor-widget-container\">\n\t\t\t\t\t<div class=\"ekit-wid-con\">\t\t\t\t\t\t\t\t\n\t\t<div class=\"profile-card elementor-animation- text-center ekit-team-style-default\">\n\t\t\t\t\t\t\t<a aria-label=\"profile\" href=\"javascript:void(0)\" data-mfp-src=\"#ekit_team_modal_670112d_696\" class=\"ekit-team-popup\">\n\t\t\t\n\t\t\t\t<div class=\"profile-header ekit-team-img ekit-img-overlay ekit-team-img-block\"  data-toggle=\"modal\" data-target=\"ekit_team_modal_#670112d_696\" >\n\t\t\t\t\t<img fetchpriority=\"high\" decoding=\"async\" width=\"595\" height=\"893\" src=\"https:\/\/mamasherpas.care\/wp-content\/uploads\/2023\/08\/R62_6000.jpg\" class=\"attachment-large size-large wp-image-462\" alt=\"\" srcset=\"https:\/\/mamasherpas.care\/wp-content\/uploads\/2023\/08\/R62_6000.jpg 595w, https:\/\/mamasherpas.care\/wp-content\/uploads\/2023\/08\/R62_6000-200x300.jpg 200w\" sizes=\"(max-width: 595px) 100vw, 595px\" \/>\t\t\t\t<\/div><!-- .profile-header END -->\n\t\t\t\t\t\t\t<\/a>\n\t\t\t\n\n\t\t\t\t<div class=\"profile-body\">\n\t\t\t\t\t\n\t\t\t\t\t<h2 class=\"profile-title\">\n\t\t\t\t\t\t\t\t\t\t\t<a aria-label=\"profile\" href=\"javascript:void(0)\" data-mfp-src=\"#ekit_team_modal_670112d_696\" class=\"ekit-team-popup\">\n\t\t\t\t\t\tKinga\t\t\t\t\t\t<\/a>\n\t\t\t\t\t\t\t\t\t\t\t<\/h2>\n\t\t\t\t\t<p class=\"profile-designation\">Budapest<\/p>\n\t\t\t\t\t\t\t\t\t\t<p class=\"profile-content\">Intuit\u00edv, Holisztikus t\u00e1mogat\u00e1s, Tudatos jelenl\u00e9t f\u00f3kusz, Gyeng\u00e9d, Nyugtat\u00f3<\/p>\n\t\t\t\t\t\t\t\t\t<\/div><!-- .profile-body END -->\n\n\t\t\t\t\t\t\t\t\t<div class=\"profile-footer\">\n\t\t\t\t\t\t<ul class=\"ekit-team-social-list\">\n\t\t\t<li class=\"elementor-repeater-item-20fb252\">\n\t\t\t<a href=\"https:\/\/mamasherpas.care\/hu\/kinga-recsetar-maioli\/\" aria-label=\"Profil\">\n\t\t\t\t<i aria-hidden=\"true\" class=\"icon icon-Profile\"><\/i>\t\t\t<\/a>\n\t\t<\/li>\n\t\t\t<li class=\"elementor-repeater-item-72756a6\">\n\t\t\t<a href=\"https:\/\/www.instagram.com\/mamasherpas\/\" aria-label=\"Instagram\" target=\"_blank\" rel=\"noopener\">\n\t\t\t\t<i aria-hidden=\"true\" class=\"icon icon-instagram-2\"><\/i>\t\t\t<\/a>\n\t\t<\/li>\n\t<\/ul>\n\t\t\t\t\t<\/div>\n\t\t\t\t\t\t\t\t\t<\/div>\n\t\t\t\t\t\t\t\n\t\t\t\n\t\t\t\t\t<div class=\"zoom-anim-dialog mfp-hide elementskit-team-popup team-popup-id-670112d\" id=\"ekit_team_modal_670112d_696\" tabindex=\"-1\" role=\"dialog\" aria-modal=\"true\">\n\t\t\t\t<div class=\"modal-dialog modal-dialog-centered\" role=\"document\">\n\t\t\t\t\t<div class=\"modal-content\">\n\t\t\t\t\t\t<button type=\"button\" class=\"ekit-team-modal-close\">\n\t\t\t\t\t\t\t<i aria-hidden=\"true\" class=\"fas fa-times\"><\/i>\t\t\t\t\t\t<\/button>\n\n\t\t\t\t\t\t<div class=\"modal-body\">\n\t\t\t\t\t\t\t\t\t\t\t\t\t\t\t<div class=\"ekit-team-modal-img\">\n\t\t\t\t\t\t\t\t\t<img fetchpriority=\"high\" decoding=\"async\" width=\"595\" height=\"893\" src=\"https:\/\/mamasherpas.care\/wp-content\/uploads\/2023\/08\/R62_6000.jpg\" class=\"attachment-large size-large wp-image-462\" alt=\"\" srcset=\"https:\/\/mamasherpas.care\/wp-content\/uploads\/2023\/08\/R62_6000.jpg 595w, https:\/\/mamasherpas.care\/wp-content\/uploads\/2023\/08\/R62_6000-200x300.jpg 200w\" sizes=\"(max-width: 595px) 100vw, 595px\" \/>\t\t\t\t\t\t\t\t<\/div>\n\t\t\t\t\t\t\t\n\t\t\t\t\t\t\t<div class=\"ekit-team-modal-info has-img\">\n\t\t\t\t\t\t\t\t<h2 class=\"ekit-team-modal-title\">Kinga<\/h2>\n\t\t\t\t\t\t\t\t<p class=\"ekit-team-modal-position\">Budapest<\/p>\n\n\t\t\t\t\t\t\t\t<div class=\"ekit-team-modal-content\">\n\t\t\t\t\t\t\t\t\tA small river named Duden flows by their place and supplies it with the necessary\t\t\t\t\t\t\t\t<\/div>\n\n\t\t\t\t\t\t\t\t\t\t\t\t\t\t\t\t\t<ul class=\"ekit-team-modal-list\">\n\t\t\t\t\t\t\t\t\t\t\t\t\t\t\t\t\t\t\t\t\t<li><strong>Phone:<\/strong><a href=\"tel:+1 (859) 254-6589\">+1 (859) 254-6589<\/a><\/li>\n\t\t\t\t\t\t\t\t\t\t\n\t\t\t\t\t\t\t\t\t\t\t\t\t\t\t\t\t\t\t\t\t<li><strong>Email:<\/strong><a href=\"mailto:info@example.com\">info@example.com<\/a><\/li>\n\t\t\t\t\t\t\t\t\t\t\t\t\t\t\t\t\t\t\t<\/ul>\n\t\t\t\t\t\t\t\t\n\t\t\t\t\t\t\t\t<ul class=\"ekit-team-social-list\">\n\t\t\t<li class=\"elementor-repeater-item-20fb252\">\n\t\t\t<a href=\"https:\/\/mamasherpas.care\/hu\/kinga-recsetar-maioli\/\" aria-label=\"Profil\">\n\t\t\t\t<i aria-hidden=\"true\" class=\"icon icon-Profile\"><\/i>\t\t\t<\/a>\n\t\t<\/li>\n\t\t\t<li class=\"elementor-repeater-item-72756a6\">\n\t\t\t<a href=\"https:\/\/www.instagram.com\/mamasherpas\/\" aria-label=\"Instagram\" target=\"_blank\" rel=\"noopener\">\n\t\t\t\t<i aria-hidden=\"true\" class=\"icon icon-instagram-2\"><\/i>\t\t\t<\/a>\n\t\t<\/li>\n\t<\/ul>\n\t\t\t\t\t\t\t<\/div>\n\t\t\t\t\t\t<\/div>\n\t\t\t\t\t<\/div>\n\t\t\t\t<\/div>\n\t\t\t<\/div>\n\t\t\t\t<\/div>\t\t\t\t<\/div>\n\t\t\t\t<\/div>\n\t\t\t\t\t<\/div>\n\t\t<\/div>\n\t\t\t\t<div class=\"elementor-column elementor-col-20 elementor-top-column elementor-element elementor-element-9ab9258\" data-id=\"9ab9258\" data-element_type=\"column\" data-e-type=\"column\">\n\t\t\t<div class=\"elementor-widget-wrap\">\n\t\t\t\t\t\t\t<\/div>\n\t\t<\/div>\n\t\t\t\t<div class=\"elementor-column elementor-col-20 elementor-top-column elementor-element elementor-element-4262e5c\" data-id=\"4262e5c\" data-element_type=\"column\" data-e-type=\"column\">\n\t\t\t<div class=\"elementor-widget-wrap\">\n\t\t\t\t\t\t\t<\/div>\n\t\t<\/div>\n\t\t\t\t<div class=\"elementor-column elementor-col-20 elementor-top-column elementor-element elementor-element-432227a\" data-id=\"432227a\" data-element_type=\"column\" data-e-type=\"column\">\n\t\t\t<div class=\"elementor-widget-wrap\">\n\t\t\t\t\t\t\t<\/div>\n\t\t<\/div>\n\t\t\t\t<div class=\"elementor-column elementor-col-20 elementor-top-column elementor-element elementor-element-e1b3288\" data-id=\"e1b3288\" data-element_type=\"column\" data-e-type=\"column\">\n\t\t\t<div class=\"elementor-widget-wrap\">\n\t\t\t\t\t\t\t<\/div>\n\t\t<\/div>\n\t\t\t\t\t<\/div>\n\t\t<\/section>\n\t\t\t\t<\/div>","protected":false},"excerpt":{"rendered":"<p>mamasherpas Doula mamasherpas If a doula were a drug, it would be unethical not to use it. Imagine you&#8217;re about to welcome a new life into the world or you&#8217;ve just become a parent. These moments are incredibly special but can also be filled with uncertainties and challenges. That&#8217;s where a doula comes in \u2013 [&hellip;]<\/p>","protected":false},"author":1,"featured_media":0,"parent":0,"menu_order":0,"comment_status":"closed","ping_status":"closed","template":"","meta":{"ocean_post_layout":"full-screen","ocean_both_sidebars_style":"","ocean_both_sidebars_content_width":0,"ocean_both_sidebars_sidebars_width":0,"ocean_sidebar":"0","ocean_second_sidebar":"0","ocean_disable_margins":"enable","ocean_add_body_class":"","ocean_shortcode_before_top_bar":"","ocean_shortcode_after_top_bar":"","ocean_shortcode_before_header":"","ocean_shortcode_after_header":"","ocean_has_shortcode":"","ocean_shortcode_after_title":"","ocean_shortcode_before_footer_widgets":"","ocean_shortcode_after_footer_widgets":"","ocean_shortcode_before_footer_bottom":"","ocean_shortcode_after_footer_bottom":"","ocean_display_top_bar":"default","ocean_display_header":"default","ocean_header_style":"","ocean_center_header_left_menu":"0","ocean_custom_header_template":"0","ocean_custom_logo":0,"ocean_custom_retina_logo":0,"ocean_custom_logo_max_width":0,"ocean_custom_logo_tablet_max_width":0,"ocean_custom_logo_mobile_max_width":0,"ocean_custom_logo_max_height":0,"ocean_custom_logo_tablet_max_height":0,"ocean_custom_logo_mobile_max_height":0,"ocean_header_custom_menu":"0","ocean_menu_typo_font_family":"0","ocean_menu_typo_font_subset":"","ocean_menu_typo_font_size":0,"ocean_menu_typo_font_size_tablet":0,"ocean_menu_typo_font_size_mobile":0,"ocean_menu_typo_font_size_unit":"px","ocean_menu_typo_font_weight":"","ocean_menu_typo_font_weight_tablet":"","ocean_menu_typo_font_weight_mobile":"","ocean_menu_typo_transform":"","ocean_menu_typo_transform_tablet":"","ocean_menu_typo_transform_mobile":"","ocean_menu_typo_line_height":0,"ocean_menu_typo_line_height_tablet":0,"ocean_menu_typo_line_height_mobile":0,"ocean_menu_typo_line_height_unit":"","ocean_menu_typo_spacing":0,"ocean_menu_typo_spacing_tablet":0,"ocean_menu_typo_spacing_mobile":0,"ocean_menu_typo_spacing_unit":"","ocean_menu_link_color":"","ocean_menu_link_color_hover":"","ocean_menu_link_color_active":"","ocean_menu_link_background":"","ocean_menu_link_hover_background":"","ocean_menu_link_active_background":"","ocean_menu_social_links_bg":"","ocean_menu_social_hover_links_bg":"","ocean_menu_social_links_color":"","ocean_menu_social_hover_links_color":"","ocean_disable_title":"default","ocean_disable_heading":"default","ocean_post_title":"","ocean_post_subheading":"","ocean_post_title_style":"","ocean_post_title_background_color":"","ocean_post_title_background":0,"ocean_post_title_bg_image_position":"","ocean_post_title_bg_image_attachment":"","ocean_post_title_bg_image_repeat":"","ocean_post_title_bg_image_size":"","ocean_post_title_height":0,"ocean_post_title_bg_overlay":0.5,"ocean_post_title_bg_overlay_color":"","ocean_disable_breadcrumbs":"default","ocean_breadcrumbs_color":"","ocean_breadcrumbs_separator_color":"","ocean_breadcrumbs_links_color":"","ocean_breadcrumbs_links_hover_color":"","ocean_display_footer_widgets":"default","ocean_display_footer_bottom":"default","ocean_custom_footer_template":"0","footnotes":""},"class_list":["post-696","page","type-page","status-publish","hentry","entry","owp-thumbs-layout-horizontal","owp-btn-normal","owp-tabs-layout-horizontal","has-no-thumbnails"],"_links":{"self":[{"href":"https:\/\/mamasherpas.care\/hu\/wp-json\/wp\/v2\/pages\/696","targetHints":{"allow":["GET"]}}],"collection":[{"href":"https:\/\/mamasherpas.care\/hu\/wp-json\/wp\/v2\/pages"}],"about":[{"href":"https:\/\/mamasherpas.care\/hu\/wp-json\/wp\/v2\/types\/page"}],"author":[{"embeddable":true,"href":"https:\/\/mamasherpas.care\/hu\/wp-json\/wp\/v2\/users\/1"}],"replies":[{"embeddable":true,"href":"https:\/\/mamasherpas.care\/hu\/wp-json\/wp\/v2\/comments?post=696"}],"version-history":[{"count":16,"href":"https:\/\/mamasherpas.care\/hu\/wp-json\/wp\/v2\/pages\/696\/revisions"}],"predecessor-version":[{"id":1407,"href":"https:\/\/mamasherpas.care\/hu\/wp-json\/wp\/v2\/pages\/696\/revisions\/1407"}],"wp:attachment":[{"href":"https:\/\/mamasherpas.care\/hu\/wp-json\/wp\/v2\/media?parent=696"}],"curies":[{"name":"wp","href":"https:\/\/api.w.org\/{rel}","templated":true}]}}