{"id":637,"date":"2023-08-15T11:33:19","date_gmt":"2023-08-15T11:33:19","guid":{"rendered":"http:\/\/mamasherpas.care\/?page_id=637"},"modified":"2024-03-15T20:22:08","modified_gmt":"2024-03-15T19:22:08","slug":"mothernature-anyakor","status":"publish","type":"page","link":"https:\/\/mamasherpas.care\/hu\/mothernature-anyakor\/","title":{"rendered":"Mother Nature Anyak\u00f6r"},"content":{"rendered":"<div data-elementor-type=\"wp-page\" data-elementor-id=\"637\" class=\"elementor elementor-637\" data-elementor-post-type=\"page\">\n\t\t\t\t\t\t<section class=\"elementor-section elementor-top-section elementor-element elementor-element-21a5bf09 elementor-section-boxed elementor-section-height-default elementor-section-height-default\" data-id=\"21a5bf09\" data-element_type=\"section\" data-e-type=\"section\" data-settings=\"{&quot;background_background&quot;:&quot;classic&quot;}\">\n\t\t\t\t\t\t\t<div class=\"elementor-background-overlay\"><\/div>\n\t\t\t\t\t\t\t<div class=\"elementor-container elementor-column-gap-default\">\n\t\t\t\t\t<div class=\"elementor-column elementor-col-100 elementor-top-column elementor-element elementor-element-182c67cb\" data-id=\"182c67cb\" data-element_type=\"column\" data-e-type=\"column\">\n\t\t\t<div class=\"elementor-widget-wrap elementor-element-populated\">\n\t\t\t\t\t\t<div class=\"elementor-element elementor-element-66e7f525 de_scroll_animation_no elementor-invisible elementor-widget elementor-widget-elementskit-heading\" data-id=\"66e7f525\" data-element_type=\"widget\" data-e-type=\"widget\" data-settings=\"{&quot;_animation&quot;:&quot;fadeInUp&quot;}\" data-widget_type=\"elementskit-heading.default\">\n\t\t\t\t<div class=\"elementor-widget-container\">\n\t\t\t\t\t<div class=\"ekit-wid-con\" ><div class=\"ekit-heading elementskit-section-title-wraper text_center   ekit_heading_tablet-   ekit_heading_mobile-\"><h3 class=\"elementskit-section-subtitle\">\n\t\t\t\t\t\tmamasherpas\n\t\t\t\t\t<\/h3><h2 class=\"ekit-heading--title elementskit-section-title\">K\u00f6z\u00f6ss\u00e9g<\/h2><div class=\"ekit_heading_separetor_wraper ekit_heading_elementskit-border-divider elementskit-style-long\"><div class=\"elementskit-border-divider elementskit-style-long\"><\/div><\/div><\/div><\/div>\t\t\t\t<\/div>\n\t\t\t\t<\/div>\n\t\t\t\t\t<\/div>\n\t\t<\/div>\n\t\t\t\t\t<\/div>\n\t\t<\/section>\n\t\t\t\t<section class=\"elementor-section elementor-top-section elementor-element elementor-element-8019880 elementor-section-boxed elementor-section-height-default elementor-section-height-default\" data-id=\"8019880\" data-element_type=\"section\" data-e-type=\"section\" data-settings=\"{&quot;background_background&quot;:&quot;classic&quot;}\">\n\t\t\t\t\t\t<div class=\"elementor-container elementor-column-gap-default\">\n\t\t\t\t\t<div class=\"elementor-column elementor-col-100 elementor-top-column elementor-element elementor-element-33022b5\" data-id=\"33022b5\" data-element_type=\"column\" data-e-type=\"column\">\n\t\t\t<div class=\"elementor-widget-wrap elementor-element-populated\">\n\t\t\t\t\t\t<div class=\"elementor-element elementor-element-7e1ec19 de_scroll_animation_no elementor-invisible elementor-widget elementor-widget-elementskit-heading\" data-id=\"7e1ec19\" data-element_type=\"widget\" data-e-type=\"widget\" data-settings=\"{&quot;_animation&quot;:&quot;fadeInUp&quot;}\" data-widget_type=\"elementskit-heading.default\">\n\t\t\t\t<div class=\"elementor-widget-container\">\n\t\t\t\t\t<div class=\"ekit-wid-con\" ><div class=\"ekit-heading elementskit-section-title-wraper text_left   ekit_heading_tablet-   ekit_heading_mobile-\"><h3 class=\"elementskit-section-subtitle\">\n\t\t\t\t\t\tmother circle\n\t\t\t\t\t<\/h3><h2 class=\"ekit-heading--title elementskit-section-title\">Mother Nature<\/h2><div class=\"ekit_heading_separetor_wraper ekit_heading_elementskit-border-divider elementskit-style-long\"><div class=\"elementskit-border-divider elementskit-style-long\"><\/div><\/div><\/div><\/div>\t\t\t\t<\/div>\n\t\t\t\t<\/div>\n\t\t\t\t<div class=\"elementor-element elementor-element-a7dc5bd de_scroll_animation_no elementor-invisible elementor-widget elementor-widget-text-editor\" data-id=\"a7dc5bd\" data-element_type=\"widget\" data-e-type=\"widget\" data-settings=\"{&quot;_animation&quot;:&quot;fadeInUp&quot;}\" data-widget_type=\"text-editor.default\">\n\t\t\t\t<div class=\"elementor-widget-container\">\n\t\t\t\t\t\t\t\t\t<h4><strong>A 5-Session Program Infused with Loving Care for Conscious Presence and Maternal Self-Care<\/strong><\/h4>\n<p>The &#8220;Mother Circle&#8221; offers a secure and gentle space for mothers of all ages and backgrounds. Here, guilt-free and judgment-free, you can openly share your maternal experiences, thoughts, and emotions with one another. It&#8217;s an opportunity to step away from the everyday routine and immerse yourselves in a nurturing and supportive environment. Through a blend of soothing meditation, mindfulness exercises, and heartfelt discussions, you will rediscover your inner strength and connect with the primal wisdom that accompanies motherhood.<\/p>\n<p>Our program not only encourages self-care and holistic well-being, but also underscores the importance of passing down a reverence for nature to the next generation. As you cradle your baby in your arms, you are embraced by the tender arms of the Earth. &#8220;Mother Nature&#8221; extends an invitation to embark on a journey of self-discovery and growth, embracing the symbiotic relationship between the mother within and the mother Earth.<\/p>\n<p><strong>About 5-Session Program:<\/strong><\/p>\n<ul>\n<li>A transformative journey designed for mothers to embrace conscious presence and maternal self-care<\/li>\n<li>Participants can choose to attend individual sessions or join all 5 for a comprehensive self-development journey<\/li>\n<li>Each day builds upon the previous, creating a holistic experience of growth and connection<\/li>\n<li>Mindfulness techniques infused with the wisdom of Mother Nature cards and methodology<\/li>\n<li>Creative scribbling exercises to explore thoughts and feelings in a nurturing space<\/li>\n<li>Enjoy a relaxing tea time and light snacks, fostering camaraderie and relaxation<\/li>\n<li>Participants attending all 5 sessions receive a special discount, enhancing their immersive experience<\/li>\n<li>Kids are warmly welcome until the age of 1, allowing mothers to attend with their infants<\/li>\n<\/ul>\n<p>Stay tuned for upcoming sessions and special occasions! Check our Instagram page and calendar for updates on the enriching &#8220;Mother Nature&#8221; Mother Circle program. Join us as we continue to nurture the circle of life and celebrate the incredible journey of motherhood.<\/p>\t\t\t\t\t\t\t\t<\/div>\n\t\t\t\t<\/div>\n\t\t\t\t<div class=\"elementor-element elementor-element-8f0fb48 elementor-align-left elementor-mobile-align-center elementor-widget__width-initial elementor-widget-mobile__width-inherit de_scroll_animation_no elementor-invisible elementor-widget elementor-widget-button\" data-id=\"8f0fb48\" data-element_type=\"widget\" data-e-type=\"widget\" data-settings=\"{&quot;_animation&quot;:&quot;fadeInUp&quot;,&quot;_animation_delay&quot;:400}\" data-widget_type=\"button.default\">\n\t\t\t\t<div class=\"elementor-widget-container\">\n\t\t\t\t\t\t\t\t\t<div class=\"elementor-button-wrapper\">\n\t\t\t\t\t<a class=\"elementor-button elementor-button-link elementor-size-sm\" href=\"https:\/\/mamasherpas.care\/hu\/contacts\/\">\n\t\t\t\t\t\t<span class=\"elementor-button-content-wrapper\">\n\t\t\t\t\t\t\t\t\t<span class=\"elementor-button-text\">calendar<\/span>\n\t\t\t\t\t<\/span>\n\t\t\t\t\t<\/a>\n\t\t\t\t<\/div>\n\t\t\t\t\t\t\t\t<\/div>\n\t\t\t\t<\/div>\n\t\t\t\t<div class=\"elementor-element elementor-element-997e176 de_scroll_animation_no elementor-widget elementor-widget-gallery\" data-id=\"997e176\" data-element_type=\"widget\" data-e-type=\"widget\" data-settings=\"{&quot;gallery_layout&quot;:&quot;justified&quot;,&quot;ideal_row_height&quot;:{&quot;unit&quot;:&quot;px&quot;,&quot;size&quot;:300,&quot;sizes&quot;:[]},&quot;ideal_row_height_mobile&quot;:{&quot;unit&quot;:&quot;px&quot;,&quot;size&quot;:254,&quot;sizes&quot;:[]},&quot;lazyload&quot;:&quot;yes&quot;,&quot;ideal_row_height_tablet&quot;:{&quot;unit&quot;:&quot;px&quot;,&quot;size&quot;:150,&quot;sizes&quot;:[]},&quot;gap&quot;:{&quot;unit&quot;:&quot;px&quot;,&quot;size&quot;:10,&quot;sizes&quot;:[]},&quot;gap_tablet&quot;:{&quot;unit&quot;:&quot;px&quot;,&quot;size&quot;:10,&quot;sizes&quot;:[]},&quot;gap_mobile&quot;:{&quot;unit&quot;:&quot;px&quot;,&quot;size&quot;:10,&quot;sizes&quot;:[]},&quot;link_to&quot;:&quot;file&quot;,&quot;overlay_background&quot;:&quot;yes&quot;,&quot;content_hover_animation&quot;:&quot;fade-in&quot;}\" data-widget_type=\"gallery.default\">\n\t\t\t\t<div class=\"elementor-widget-container\">\n\t\t\t\t\t\t\t<div class=\"elementor-gallery__container\">\n\t\t\t\t\t\t\t<a class=\"e-gallery-item elementor-gallery-item elementor-animated-content\" href=\"https:\/\/mamasherpas.care\/wp-content\/uploads\/2023\/08\/Mother-Nature-Anyakor-logo-fekete.png\" data-elementor-open-lightbox=\"yes\" data-elementor-lightbox-slideshow=\"997e176\" data-elementor-lightbox-title=\"Mother Nature Anyak\u00f6r log\u00f3 fekete\" data-e-action-hash=\"#elementor-action%3Aaction%3Dlightbox%26settings%3DeyJpZCI6NjY2LCJ1cmwiOiJodHRwczpcL1wvbWFtYXNoZXJwYXMuY2FyZVwvd3AtY29udGVudFwvdXBsb2Fkc1wvMjAyM1wvMDhcL01vdGhlci1OYXR1cmUtQW55YWtvci1sb2dvLWZla2V0ZS5wbmciLCJzbGlkZXNob3ciOiI5OTdlMTc2In0%3D\">\n\t\t\t\t\t<div class=\"e-gallery-image elementor-gallery-item__image\" data-thumbnail=\"https:\/\/mamasherpas.care\/wp-content\/uploads\/2023\/08\/Mother-Nature-Anyakor-logo-fekete.png\" data-width=\"2000\" data-height=\"2000\" aria-label=\"\" role=\"img\" ><\/div>\n\t\t\t\t\t\t\t\t\t\t\t<div class=\"elementor-gallery-item__overlay\"><\/div>\n\t\t\t\t\t\t\t\t\t\t\t\t\t\t<\/a>\n\t\t\t\t\t<\/div>\n\t\t\t\t\t<\/div>\n\t\t\t\t<\/div>\n\t\t\t\t\t<\/div>\n\t\t<\/div>\n\t\t\t\t\t<\/div>\n\t\t<\/section>\n\t\t\t\t<\/div>","protected":false},"excerpt":{"rendered":"<p>mamasherpas Community mother circle Mother Nature A 5-Session Program Infused with Loving Care for Conscious Presence and Maternal Self-Care The &#8220;Mother Circle&#8221; offers a secure and gentle space for mothers of all ages and backgrounds. Here, guilt-free and judgment-free, you can openly share your maternal experiences, thoughts, and emotions with one another. It&#8217;s an opportunity [&hellip;]<\/p>","protected":false},"author":1,"featured_media":0,"parent":0,"menu_order":0,"comment_status":"closed","ping_status":"closed","template":"","meta":{"ocean_post_layout":"full-screen","ocean_both_sidebars_style":"","ocean_both_sidebars_content_width":0,"ocean_both_sidebars_sidebars_width":0,"ocean_sidebar":"0","ocean_second_sidebar":"0","ocean_disable_margins":"enable","ocean_add_body_class":"","ocean_shortcode_before_top_bar":"","ocean_shortcode_after_top_bar":"","ocean_shortcode_before_header":"","ocean_shortcode_after_header":"","ocean_has_shortcode":"","ocean_shortcode_after_title":"","ocean_shortcode_before_footer_widgets":"","ocean_shortcode_after_footer_widgets":"","ocean_shortcode_before_footer_bottom":"","ocean_shortcode_after_footer_bottom":"","ocean_display_top_bar":"default","ocean_display_header":"default","ocean_header_style":"","ocean_center_header_left_menu":"0","ocean_custom_header_template":"0","ocean_custom_logo":0,"ocean_custom_retina_logo":0,"ocean_custom_logo_max_width":0,"ocean_custom_logo_tablet_max_width":0,"ocean_custom_logo_mobile_max_width":0,"ocean_custom_logo_max_height":0,"ocean_custom_logo_tablet_max_height":0,"ocean_custom_logo_mobile_max_height":0,"ocean_header_custom_menu":"0","ocean_menu_typo_font_family":"0","ocean_menu_typo_font_subset":"","ocean_menu_typo_font_size":0,"ocean_menu_typo_font_size_tablet":0,"ocean_menu_typo_font_size_mobile":0,"ocean_menu_typo_font_size_unit":"px","ocean_menu_typo_font_weight":"","ocean_menu_typo_font_weight_tablet":"","ocean_menu_typo_font_weight_mobile":"","ocean_menu_typo_transform":"","ocean_menu_typo_transform_tablet":"","ocean_menu_typo_transform_mobile":"","ocean_menu_typo_line_height":0,"ocean_menu_typo_line_height_tablet":0,"ocean_menu_typo_line_height_mobile":0,"ocean_menu_typo_line_height_unit":"","ocean_menu_typo_spacing":0,"ocean_menu_typo_spacing_tablet":0,"ocean_menu_typo_spacing_mobile":0,"ocean_menu_typo_spacing_unit":"","ocean_menu_link_color":"","ocean_menu_link_color_hover":"","ocean_menu_link_color_active":"","ocean_menu_link_background":"","ocean_menu_link_hover_background":"","ocean_menu_link_active_background":"","ocean_menu_social_links_bg":"","ocean_menu_social_hover_links_bg":"","ocean_menu_social_links_color":"","ocean_menu_social_hover_links_color":"","ocean_disable_title":"default","ocean_disable_heading":"default","ocean_post_title":"","ocean_post_subheading":"","ocean_post_title_style":"","ocean_post_title_background_color":"","ocean_post_title_background":0,"ocean_post_title_bg_image_position":"","ocean_post_title_bg_image_attachment":"","ocean_post_title_bg_image_repeat":"","ocean_post_title_bg_image_size":"","ocean_post_title_height":0,"ocean_post_title_bg_overlay":0.5,"ocean_post_title_bg_overlay_color":"","ocean_disable_breadcrumbs":"default","ocean_breadcrumbs_color":"","ocean_breadcrumbs_separator_color":"","ocean_breadcrumbs_links_color":"","ocean_breadcrumbs_links_hover_color":"","ocean_display_footer_widgets":"default","ocean_display_footer_bottom":"default","ocean_custom_footer_template":"0","footnotes":""},"class_list":["post-637","page","type-page","status-publish","hentry","entry","owp-thumbs-layout-horizontal","owp-btn-normal","owp-tabs-layout-horizontal","has-no-thumbnails"],"_links":{"self":[{"href":"https:\/\/mamasherpas.care\/hu\/wp-json\/wp\/v2\/pages\/637","targetHints":{"allow":["GET"]}}],"collection":[{"href":"https:\/\/mamasherpas.care\/hu\/wp-json\/wp\/v2\/pages"}],"about":[{"href":"https:\/\/mamasherpas.care\/hu\/wp-json\/wp\/v2\/types\/page"}],"author":[{"embeddable":true,"href":"https:\/\/mamasherpas.care\/hu\/wp-json\/wp\/v2\/users\/1"}],"replies":[{"embeddable":true,"href":"https:\/\/mamasherpas.care\/hu\/wp-json\/wp\/v2\/comments?post=637"}],"version-history":[{"count":26,"href":"https:\/\/mamasherpas.care\/hu\/wp-json\/wp\/v2\/pages\/637\/revisions"}],"predecessor-version":[{"id":3125,"href":"https:\/\/mamasherpas.care\/hu\/wp-json\/wp\/v2\/pages\/637\/revisions\/3125"}],"wp:attachment":[{"href":"https:\/\/mamasherpas.care\/hu\/wp-json\/wp\/v2\/media?parent=637"}],"curies":[{"name":"wp","href":"https:\/\/api.w.org\/{rel}","templated":true}]}}