{"id":6321,"date":"2024-09-12T13:29:49","date_gmt":"2024-09-12T12:29:49","guid":{"rendered":"http:\/\/mamasherpas.care\/?page_id=6321"},"modified":"2024-09-13T08:54:23","modified_gmt":"2024-09-13T07:54:23","slug":"gabriella-kaposi","status":"publish","type":"page","link":"https:\/\/mamasherpas.care\/hu\/gabriella-kaposi\/","title":{"rendered":"Kaposi Gabriella"},"content":{"rendered":"<div data-elementor-type=\"wp-page\" data-elementor-id=\"6321\" class=\"elementor elementor-6321\" data-elementor-post-type=\"page\">\n\t\t\t\t\t\t<section class=\"elementor-section elementor-top-section elementor-element elementor-element-21a5bf09 elementor-section-boxed elementor-section-height-default elementor-section-height-default\" data-id=\"21a5bf09\" data-element_type=\"section\" data-e-type=\"section\" data-settings=\"{&quot;background_background&quot;:&quot;classic&quot;}\">\n\t\t\t\t\t\t\t<div class=\"elementor-background-overlay\"><\/div>\n\t\t\t\t\t\t\t<div class=\"elementor-container elementor-column-gap-default\">\n\t\t\t\t\t<div class=\"elementor-column elementor-col-100 elementor-top-column elementor-element elementor-element-182c67cb\" data-id=\"182c67cb\" data-element_type=\"column\" data-e-type=\"column\">\n\t\t\t<div class=\"elementor-widget-wrap elementor-element-populated\">\n\t\t\t\t\t\t<div class=\"elementor-element elementor-element-66e7f525 de_scroll_animation_no elementor-invisible elementor-widget elementor-widget-elementskit-heading\" data-id=\"66e7f525\" data-element_type=\"widget\" data-e-type=\"widget\" data-settings=\"{&quot;_animation&quot;:&quot;fadeInUp&quot;}\" data-widget_type=\"elementskit-heading.default\">\n\t\t\t\t<div class=\"elementor-widget-container\">\n\t\t\t\t\t<div class=\"ekit-wid-con\" ><div class=\"ekit-heading elementskit-section-title-wraper text_center   ekit_heading_tablet-   ekit_heading_mobile-\"><h3 class=\"elementskit-section-subtitle\">\n\t\t\t\t\t\tmamasherpas\n\t\t\t\t\t<\/h3><h2 class=\"ekit-heading--title elementskit-section-title\">Kaposi Gabriella<\/h2><div class=\"ekit_heading_separetor_wraper ekit_heading_elementskit-border-divider elementskit-style-long\"><div class=\"elementskit-border-divider elementskit-style-long\"><\/div><\/div><\/div><\/div>\t\t\t\t<\/div>\n\t\t\t\t<\/div>\n\t\t\t\t\t<\/div>\n\t\t<\/div>\n\t\t\t\t\t<\/div>\n\t\t<\/section>\n\t\t\t\t<section class=\"elementor-section elementor-top-section elementor-element elementor-element-1905444e elementor-section-boxed elementor-section-height-default elementor-section-height-default\" data-id=\"1905444e\" data-element_type=\"section\" data-e-type=\"section\" data-settings=\"{&quot;background_background&quot;:&quot;classic&quot;}\">\n\t\t\t\t\t\t<div class=\"elementor-container elementor-column-gap-default\">\n\t\t\t\t\t<div class=\"elementor-column elementor-col-50 elementor-top-column elementor-element elementor-element-235de4b9\" data-id=\"235de4b9\" data-element_type=\"column\" data-e-type=\"column\" data-settings=\"{&quot;background_background&quot;:&quot;classic&quot;}\">\n\t\t\t<div class=\"elementor-widget-wrap elementor-element-populated\">\n\t\t\t\t\t\t<div class=\"elementor-element elementor-element-29c5bac0 de_scroll_animation_no elementor-widget elementor-widget-spacer\" data-id=\"29c5bac0\" data-element_type=\"widget\" data-e-type=\"widget\" data-widget_type=\"spacer.default\">\n\t\t\t\t<div class=\"elementor-widget-container\">\n\t\t\t\t\t\t\t<div class=\"elementor-spacer\">\n\t\t\t<div class=\"elementor-spacer-inner\"><\/div>\n\t\t<\/div>\n\t\t\t\t\t\t<\/div>\n\t\t\t\t<\/div>\n\t\t\t\t\t<\/div>\n\t\t<\/div>\n\t\t\t\t<div class=\"elementor-column elementor-col-50 elementor-top-column elementor-element elementor-element-6733b0da\" data-id=\"6733b0da\" data-element_type=\"column\" data-e-type=\"column\">\n\t\t\t<div class=\"elementor-widget-wrap elementor-element-populated\">\n\t\t\t\t\t\t<div class=\"elementor-element elementor-element-3830c26e de_scroll_animation_no elementor-invisible elementor-widget elementor-widget-elementskit-heading\" data-id=\"3830c26e\" data-element_type=\"widget\" data-e-type=\"widget\" data-settings=\"{&quot;_animation&quot;:&quot;fadeInUp&quot;}\" data-widget_type=\"elementskit-heading.default\">\n\t\t\t\t<div class=\"elementor-widget-container\">\n\t\t\t\t\t<div class=\"ekit-wid-con\" ><div class=\"ekit-heading elementskit-section-title-wraper text_left   ekit_heading_tablet-   ekit_heading_mobile-\"><h3 class=\"elementskit-section-subtitle\">\n\t\t\t\t\t\tmamasherpas\n\t\t\t\t\t<\/h3><h2 class=\"ekit-heading--title elementskit-section-title\">\u00dagy hiszem, hogy egy j\u00f3 sz\u00fcl\u00e9sfelk\u00e9sz\u00edt\u0151, tudatoss\u00e1ggal \u00e9s magabiztoss\u00e1ggal, pozit\u00edv sz\u00fcl\u00e9s\u00e9lm\u00e9nyt ny\u00fajthat a k\u00f3rh\u00e1zban is. Egy cs\u00e1sz\u00e1rmetsz\u00e9s is lehet pozit\u00edv \u00e9lm\u00e9ny, f\u0151leg, ha az anya megkapja a megfelel\u0151 t\u00e1mogat\u00e1st \u00e9s biztons\u00e1gban \u00e9rzi mag\u00e1t.<\/h2><div class=\"ekit_heading_separetor_wraper ekit_heading_elementskit-border-divider elementskit-style-long\"><div class=\"elementskit-border-divider elementskit-style-long\"><\/div><\/div><\/div><\/div>\t\t\t\t<\/div>\n\t\t\t\t<\/div>\n\t\t\t\t<div class=\"elementor-element elementor-element-7697d83a elementor-widget-tablet__width-initial de_scroll_animation_no elementor-invisible elementor-widget elementor-widget-text-editor\" data-id=\"7697d83a\" data-element_type=\"widget\" data-e-type=\"widget\" data-settings=\"{&quot;_animation&quot;:&quot;fadeInUp&quot;}\" data-widget_type=\"text-editor.default\">\n\t\t\t\t<div class=\"elementor-widget-container\">\n\t\t\t\t\t\t\t\t\t<h4>Sziasztok!<\/h4><div class=\"flex-1 overflow-hidden\"><div class=\"react-scroll-to-bottom--css-lkbnh-79elbk h-full\"><div class=\"react-scroll-to-bottom--css-lkbnh-1n7m0yu\"><div class=\"flex flex-col text-sm pb-9\"><div class=\"w-full text-token-text-primary\" dir=\"auto\" data-testid=\"conversation-turn-13\"><div class=\"px-4 py-2 justify-center text-base md:gap-6 m-auto\"><div class=\"flex flex-1 text-base mx-auto gap-3 juice:gap-4 juice:md:gap-6 md:px-5 lg:px-1 xl:px-5 md:max-w-3xl lg:max-w-[40rem] xl:max-w-[48rem]\"><div class=\"relative flex w-full flex-col agent-turn\"><div class=\"flex-col gap-1 md:gap-3\"><div class=\"flex flex-grow flex-col max-w-full\"><div class=\"min-h-[20px] text-message flex flex-col items-start gap-3 whitespace-pre-wrap break-words [.text-message+&amp;]:mt-5 overflow-x-auto\" dir=\"auto\" data-message-author-role=\"assistant\" data-message-id=\"1de3ea6c-639c-4b3f-95a4-1091888e519f\"><div class=\"markdown prose w-full break-words dark:prose-invert dark\"><p><strong>Kaposi Gabriella vagyok, sz\u00fcl\u00e9szn\u0151, f\u00fcggetlen sz\u00fcl\u00e9sfelk\u00e9sz\u00edt\u0151 \u00e9s sz\u00fcl\u00e9sk\u00eds\u00e9r\u0151 d\u00fala.<\/strong><\/p><p>14 \u00e9ves korom \u00f3ta tudtam, hogy sz\u00fcl\u00e9szn\u0151 szeretn\u00e9k lenni, \u00e9s nagyon tudatosan k\u00e9sz\u00fcltem erre a p\u00e1ly\u00e1ra. Az \u00e9let azonban egy kicsit m\u00e1sfel\u00e9 ir\u00e1ny\u00edtott, \u00e9s t\u00f6bb \u00e9vig dolgoztam id\u0151sek otthon\u00e1ban \u2013 amit egy pillanatra sem b\u00e1ntam meg. \ud83d\ude42<\/p><p>Balatoni l\u00e1nyk\u00e9nt felker\u00fcltem Budapestre, ahol lehet\u0151s\u00e9get kaptam arra, hogy a szakm\u00e1mban dolgozzam egy budapesti k\u00f3rh\u00e1zban. Ut\u00f3lag visszagondolva, akkoriban nem sokat tudtam a term\u00e9szetes sz\u00fcl\u00e9sr\u0151l. Azt hittem, hogy minden \u00fagy j\u00f3, ahogy van, amit a f\u0151iskol\u00e1n tanultam.<\/p><p>Amikor v\u00e1rand\u00f3s lettem a kisfiammal, sajnos a kitol\u00e1si szakban a m\u0171t\u0151be ker\u00fcltem \u2013 \u00edgy mindk\u00e9t oldalt megtapasztaltam. A kisl\u00e1nyom k\u00f6zel 5 kg-mal sz\u00fcletett, \u00edgy sajnos a VBAC lehet\u0151s\u00e9gt\u0151l el kellett b\u00facs\u00faznom.<\/p><p>A gyermek\u00e1gyas id\u0151szak alatt d\u00f6nt\u00f6ttem el, hogy nem szeretn\u00e9k visszamenni a k\u00f3rh\u00e1zba. Ekkor ker\u00fcltem a B\u00e9k\u00e9s D\u00falak\u00e9pz\u00e9sre, ami \u00e9letem egyik legjobb d\u00f6nt\u00e9se volt \u2013 itt gyakorlatilag mindent \u00fajratanultam. Jelenleg a b\u00e1bai \u00fatra k\u00e9sz\u00fcl\u00f6k, de m\u00e9g hossz\u00fa \u00fat \u00e1ll el\u0151ttem. Folyamatosan tanulok, fejl\u0151d\u00f6k, \u00e9s v\u00e1rom, hogy elj\u00f6jj\u00f6n az \u00e9n id\u0151m.<\/p><p>D\u00falak\u00e9nt folyamatosan k\u00eds\u00e9rek sz\u00fcl\u00e9seket \u2013 k\u00f3rh\u00e1zban \u00e9s otthon is \u2013, Budapesten \u00e9s annak 60 km-es vonz\u00e1sk\u00f6rzet\u00e9ben. Sz\u00edv\u00fcgyem a sz\u00fcl\u00e9sfelk\u00e9sz\u00edt\u00e9s \u00e9s az ap\u00e1k felk\u00e9sz\u00edt\u00e9se, folyamatosan tartok csoportos, egy\u00e9ni \u00e9s online sz\u00fcl\u00e9sfelk\u00e9sz\u00edt\u0151ket Budapesten, illetve Vecs\u00e9sen.<\/p><p>Sz\u00fcl\u00e9sfelk\u00e9sz\u00edt\u0151im sor\u00e1n az arany k\u00f6z\u00e9putat keresem. Fontosnak tartom, hogy besz\u00e9lj\u00fcnk a beavatkoz\u00e1sokr\u00f3l, de nem vagyok ellen\u00fck, ha val\u00f3ban sz\u00fcks\u00e9g van r\u00e1juk.\u00a0<\/p><\/div><\/div><\/div><\/div><\/div><\/div><\/div><\/div><\/div><\/div><\/div><\/div>\t\t\t\t\t\t\t\t<\/div>\n\t\t\t\t<\/div>\n\t\t\t\t<div class=\"elementor-element elementor-element-65c906b elementor-align-left de_scroll_animation_no elementor-widget elementor-widget-elementskit-button\" data-id=\"65c906b\" data-element_type=\"widget\" data-e-type=\"widget\" data-widget_type=\"elementskit-button.default\">\n\t\t\t\t<div class=\"elementor-widget-container\">\n\t\t\t\t\t<div class=\"ekit-wid-con\" >\t\t<div class=\"ekit-btn-wraper\">\n\t\t\t\t\t\t\t<a href=\"https:\/\/mamasherpas.care\/hu\/services\/\" class=\"elementskit-btn  whitespace--normal\" id=\"\">\n\t\t\t\t\tId\u0151pontot foglalok\t\t\t\t<\/a>\n\t\t\t\t\t<\/div>\n        <\/div>\t\t\t\t<\/div>\n\t\t\t\t<\/div>\n\t\t\t\t\t<\/div>\n\t\t<\/div>\n\t\t\t\t\t<\/div>\n\t\t<\/section>\n\t\t\t\t<section class=\"elementor-section elementor-top-section elementor-element elementor-element-7c25de0 elementor-section-boxed elementor-section-height-default elementor-section-height-default\" data-id=\"7c25de0\" data-element_type=\"section\" data-e-type=\"section\">\n\t\t\t\t\t\t<div class=\"elementor-container elementor-column-gap-default\">\n\t\t\t\t\t<div class=\"elementor-column elementor-col-100 elementor-top-column elementor-element elementor-element-2ed2015\" data-id=\"2ed2015\" data-element_type=\"column\" data-e-type=\"column\">\n\t\t\t<div class=\"elementor-widget-wrap elementor-element-populated\">\n\t\t\t\t\t\t<div class=\"elementor-element elementor-element-13aec08 de_scroll_animation_no elementor-invisible elementor-widget elementor-widget-elementskit-heading\" data-id=\"13aec08\" data-element_type=\"widget\" data-e-type=\"widget\" data-settings=\"{&quot;_animation&quot;:&quot;fadeInUp&quot;}\" data-widget_type=\"elementskit-heading.default\">\n\t\t\t\t<div class=\"elementor-widget-container\">\n\t\t\t\t\t<div class=\"ekit-wid-con\" ><div class=\"ekit-heading elementskit-section-title-wraper text_left   ekit_heading_tablet-   ekit_heading_mobile-\"><h3 class=\"elementskit-section-subtitle\">\n\t\t\t\t\t\tKaposi Gabriella\n\t\t\t\t\t<\/h3><h3 class=\"ekit-heading--title elementskit-section-title\">Online tanfolyamok<\/h3><div class=\"ekit_heading_separetor_wraper ekit_heading_elementskit-border-divider elementskit-style-long\"><div class=\"elementskit-border-divider elementskit-style-long\"><\/div><\/div><\/div><\/div>\t\t\t\t<\/div>\n\t\t\t\t<\/div>\n\t\t\t\t\t<\/div>\n\t\t<\/div>\n\t\t\t\t\t<\/div>\n\t\t<\/section>\n\t\t\t\t<section class=\"elementor-section elementor-top-section elementor-element elementor-element-e6bcc40 elementor-section-boxed elementor-section-height-default elementor-section-height-default\" data-id=\"e6bcc40\" data-element_type=\"section\" data-e-type=\"section\">\n\t\t\t\t\t\t<div class=\"elementor-container elementor-column-gap-default\">\n\t\t\t\t\t<div class=\"elementor-column elementor-col-100 elementor-top-column elementor-element elementor-element-6ada48c\" data-id=\"6ada48c\" data-element_type=\"column\" data-e-type=\"column\">\n\t\t\t<div class=\"elementor-widget-wrap elementor-element-populated\">\n\t\t\t\t\t\t<div class=\"elementor-element elementor-element-164f873 de_scroll_animation_no elementor-widget elementor-widget-etlms-course-carousel tutor-addon etlms-course-carousel\" data-id=\"164f873\" data-element_type=\"widget\" data-e-type=\"widget\" data-settings=\"{&quot;etlms_course_carousel_column&quot;:&quot;3&quot;}\" data-widget_type=\"etlms-course-carousel.default\">\n\t\t\t\t<div class=\"elementor-widget-container\">\n\t\t\t\t\t<div class=\"tutor-wrap tutor-courses-wrap tutor-container etlms-carousel-main-wrap\">\n\t\n\t\t<div class=\"tutor-empty-state td-empty-state tutor-p-32 tutor-text-center\">\n\t\t\t<img decoding=\"async\" src=\"https:\/\/mamasherpas.care\/wp-content\/plugins\/tutor\/assets\/images\/emptystate.svg\" alt=\"No Course Found\" width=\"85%\" \/>\n\t\t\t<div class=\"tutor-fs-6 tutor-color-secondary tutor-text-center\">\n\t\t\tNo Course Found\t\t\t<\/div>\n\t\t<\/div>\n\t\t\n\t<!-- handle elementor settings -->\n\t\t<div id=\"etlms_carousel_settings\" arrows=\"yes\" dots=\"yes\" transition=\"600\" center=\"no\" smoth_scroll=\"linear\" auto_play=\"yes\" auto_play_speed=\"5000\" infinite_loop=\"yes\" pause_on_hover=\"yes\" desktop=\"3\" medium=\"2\" mobile=\"1\">\n\n\t<\/div>\n\t<input type=\"hidden\" id=\"etlms_enroll_btn_type\" value=\"\">\n\t<input type=\"hidden\" id=\"etlms_enroll_btn_cart\" value=\"\">\n<\/div>\n<div class=\"tutor-modal tutor-login-modal\" role=\"dialog\" aria-modal=\"true\" aria-labelledby=\"tutor-login-modal-title\" aria-hidden=\"true\">\n\t<div class=\"tutor-modal-overlay\"><\/div>\n\t<div class=\"tutor-modal-window tutor-modal-window-sm\">\n\t\t<div class=\"tutor-modal-content tutor-modal-content-white\">\n\t\t\t<button class=\"tutor-iconic-btn tutor-modal-close-o\" data-tutor-modal-close aria-label=\"Close login dialog\">\n\t\t\t\t<span class=\"tutor-icon-times\" aria-hidden=\"true\"><\/span>\n\t\t\t<\/button>\n\n\t\t\t<div class=\"tutor-modal-body\">\n\t\t\t\t<div class=\"tutor-py-48\">\n\t\t\t\t\t\t\t\t\t\t<div id=\"tutor-login-modal-title\" class=\"tutor-fs-4 tutor-fw-medium tutor-color-black tutor-mb-32\">Hi, Welcome back!<\/div>\n\t\t\t\t\t<form id=\"tutor-login-form\" method=\"post\" action=\"\">\n\t\t<input type=\"hidden\" id=\"_tutor_nonce\" name=\"_tutor_nonce\" value=\"11547408de\" \/><input type=\"hidden\" name=\"_wp_http_referer\" value=\"\/hu\/wp-json\/wp\/v2\/pages\/6321\" \/>\t<input type=\"hidden\" name=\"tutor_action\" value=\"tutor_user_login\" \/>\n\t<input type=\"hidden\" name=\"redirect_to\" value=\"https:\/\/mamasherpas.care\/hu\/wp-json\/wp\/v2\/pages\/6321\" \/>\n\n\t<div class=\"tutor-mb-20\">\n\t\t<input type=\"text\" class=\"tutor-form-control\" placeholder=\"Felhaszn\u00e1l\u00f3n\u00e9v vagy E-mail c\u00edm\" name=\"log\" value=\"\" size=\"20\" required>\n\t<\/div>\n\n\t<div class=\"tutor-mb-32\">\n\t\t<input type=\"password\" class=\"tutor-form-control\" placeholder=\"Jelsz\u00f3\" name=\"pwd\" value=\"\" size=\"20\" required>\n\t<\/div>\n\n\t<div class=\"tutor-login-error\" role=\"alert\" aria-live=\"polite\"><\/div>\n\t\t\t<input type=\"hidden\" name=\"timezone\" value=\"+01:00\" \/>\n\t\t<script>\n\t\t\tdocument.addEventListener('DOMContentLoaded', function() {\n\t\t\t\tconst timezone = document.querySelector('input[name=\"timezone\"]');\n\t\t\t\tif ( timezone) {\n\t\t\t\t\tconst tz = Intl.DateTimeFormat().resolvedOptions().timeZone;\n\t\t\t\t\ttimezone.value = tz\n\t\t\t\t}\n\t\t\t});\n\t\t<\/script>\n\t\t\t<div class=\"tutor-d-flex tutor-justify-between tutor-align-center tutor-mb-40\">\n\t\t<div class=\"tutor-form-check\">\n\t\t\t<input id=\"tutor-login-agmnt-1\" type=\"checkbox\" class=\"tutor-form-check-input tutor-bg-black-40\" name=\"rememberme\" value=\"forever\" \/>\n\t\t\t<label for=\"tutor-login-agmnt-1\" class=\"tutor-fs-7 tutor-color-muted\">\n\t\t\t\tKeep me signed in\t\t\t<\/label>\n\t\t<\/div>\n\t\t<a href=\"https:\/\/mamasherpas.care\/hu\/dashboard\/retrieve-password\" class=\"tutor-btn tutor-btn-ghost\">\n\t\t\tForgot Password?\t\t<\/a>\n\t<\/div>\n\n\t\t<button type=\"submit\" class=\"tutor-btn tutor-btn-primary tutor-btn-block\">\n\t\tSign In\t<\/button>\n\n\t\t\t\t\t<div class=\"tutor-text-center tutor-fs-6 tutor-color-secondary tutor-mt-20\">\n\t\t\tDon&#039;t have an account?&nbsp;\n\t\t\t<a href=\"\/hu\/wp-json\/wp\/v2\/pages\/6321?redirect_to=https:\/\/mamasherpas.care\/hu\/wp-json\/wp\/v2\/pages\/6321\" class=\"tutor-btn tutor-btn-link\">\n\t\t\t\tRegister Now\t\t\t<\/a>\n\t\t<\/div>\n\t\t<input type=\"hidden\" name=\"trp-form-language\" value=\"hu\"\/><\/form>\n<script>\n\tdocument.addEventListener('DOMContentLoaded', function() {\n\t\tvar loginModal = document.querySelector('.tutor-modal.tutor-login-modal');\n\t\tvar errors = [];\n\t\tif (loginModal && errors.length) {\n\t\t\tloginModal.classList.add('tutor-is-active');\n\t\t}\n\t});\n<\/script>\n\n\t\t\t\t\t\t\t\t\t<\/div>\n\t\t\t\t\t\t\t<\/div>\n\t\t<\/div>\n\t<\/div>\n<\/div>\n\t\t\t\t<\/div>\n\t\t\t\t<\/div>\n\t\t\t\t\t<\/div>\n\t\t<\/div>\n\t\t\t\t\t<\/div>\n\t\t<\/section>\n\t\t\t\t<\/div>","protected":false},"excerpt":{"rendered":"<p>mamasherpas Gabriella Kaposi mamasherpas I believe that with a good childbirth class, awareness, and confidence, it\u2019s possible to have a positive birth experience in the hospital as well. Even a cesarean section can be a positive experience, especially if the mother receives the right support and feels safe. Hi There, My name is Gabriella Kaposi, [&hellip;]<\/p>","protected":false},"author":1,"featured_media":0,"parent":0,"menu_order":0,"comment_status":"closed","ping_status":"closed","template":"","meta":{"ocean_post_layout":"full-screen","ocean_both_sidebars_style":"","ocean_both_sidebars_content_width":0,"ocean_both_sidebars_sidebars_width":0,"ocean_sidebar":"0","ocean_second_sidebar":"0","ocean_disable_margins":"enable","ocean_add_body_class":"","ocean_shortcode_before_top_bar":"","ocean_shortcode_after_top_bar":"","ocean_shortcode_before_header":"","ocean_shortcode_after_header":"","ocean_has_shortcode":"","ocean_shortcode_after_title":"","ocean_shortcode_before_footer_widgets":"","ocean_shortcode_after_footer_widgets":"","ocean_shortcode_before_footer_bottom":"","ocean_shortcode_after_footer_bottom":"","ocean_display_top_bar":"default","ocean_display_header":"default","ocean_header_style":"","ocean_center_header_left_menu":"0","ocean_custom_header_template":"0","ocean_custom_logo":0,"ocean_custom_retina_logo":0,"ocean_custom_logo_max_width":0,"ocean_custom_logo_tablet_max_width":0,"ocean_custom_logo_mobile_max_width":0,"ocean_custom_logo_max_height":0,"ocean_custom_logo_tablet_max_height":0,"ocean_custom_logo_mobile_max_height":0,"ocean_header_custom_menu":"0","ocean_menu_typo_font_family":"0","ocean_menu_typo_font_subset":"","ocean_menu_typo_font_size":0,"ocean_menu_typo_font_size_tablet":0,"ocean_menu_typo_font_size_mobile":0,"ocean_menu_typo_font_size_unit":"px","ocean_menu_typo_font_weight":"","ocean_menu_typo_font_weight_tablet":"","ocean_menu_typo_font_weight_mobile":"","ocean_menu_typo_transform":"","ocean_menu_typo_transform_tablet":"","ocean_menu_typo_transform_mobile":"","ocean_menu_typo_line_height":0,"ocean_menu_typo_line_height_tablet":0,"ocean_menu_typo_line_height_mobile":0,"ocean_menu_typo_line_height_unit":"","ocean_menu_typo_spacing":0,"ocean_menu_typo_spacing_tablet":0,"ocean_menu_typo_spacing_mobile":0,"ocean_menu_typo_spacing_unit":"","ocean_menu_link_color":"","ocean_menu_link_color_hover":"","ocean_menu_link_color_active":"","ocean_menu_link_background":"","ocean_menu_link_hover_background":"","ocean_menu_link_active_background":"","ocean_menu_social_links_bg":"","ocean_menu_social_hover_links_bg":"","ocean_menu_social_links_color":"","ocean_menu_social_hover_links_color":"","ocean_disable_title":"default","ocean_disable_heading":"default","ocean_post_title":"","ocean_post_subheading":"","ocean_post_title_style":"","ocean_post_title_background_color":"","ocean_post_title_background":0,"ocean_post_title_bg_image_position":"","ocean_post_title_bg_image_attachment":"","ocean_post_title_bg_image_repeat":"","ocean_post_title_bg_image_size":"","ocean_post_title_height":0,"ocean_post_title_bg_overlay":0.5,"ocean_post_title_bg_overlay_color":"","ocean_disable_breadcrumbs":"default","ocean_breadcrumbs_color":"","ocean_breadcrumbs_separator_color":"","ocean_breadcrumbs_links_color":"","ocean_breadcrumbs_links_hover_color":"","ocean_display_footer_widgets":"default","ocean_display_footer_bottom":"default","ocean_custom_footer_template":"0","footnotes":""},"class_list":["post-6321","page","type-page","status-publish","hentry","entry","owp-thumbs-layout-horizontal","owp-btn-normal","owp-tabs-layout-horizontal","has-no-thumbnails"],"_links":{"self":[{"href":"https:\/\/mamasherpas.care\/hu\/wp-json\/wp\/v2\/pages\/6321","targetHints":{"allow":["GET"]}}],"collection":[{"href":"https:\/\/mamasherpas.care\/hu\/wp-json\/wp\/v2\/pages"}],"about":[{"href":"https:\/\/mamasherpas.care\/hu\/wp-json\/wp\/v2\/types\/page"}],"author":[{"embeddable":true,"href":"https:\/\/mamasherpas.care\/hu\/wp-json\/wp\/v2\/users\/1"}],"replies":[{"embeddable":true,"href":"https:\/\/mamasherpas.care\/hu\/wp-json\/wp\/v2\/comments?post=6321"}],"version-history":[{"count":11,"href":"https:\/\/mamasherpas.care\/hu\/wp-json\/wp\/v2\/pages\/6321\/revisions"}],"predecessor-version":[{"id":6338,"href":"https:\/\/mamasherpas.care\/hu\/wp-json\/wp\/v2\/pages\/6321\/revisions\/6338"}],"wp:attachment":[{"href":"https:\/\/mamasherpas.care\/hu\/wp-json\/wp\/v2\/media?parent=6321"}],"curies":[{"name":"wp","href":"https:\/\/api.w.org\/{rel}","templated":true}]}}