{"id":299,"date":"2023-04-26T11:41:02","date_gmt":"2023-04-26T11:41:02","guid":{"rendered":"http:\/\/mamasherpas.care\/?page_id=299"},"modified":"2024-05-02T10:46:27","modified_gmt":"2024-05-02T09:46:27","slug":"barbara-foldi","status":"publish","type":"page","link":"https:\/\/mamasherpas.care\/hu\/barbara-foldi\/","title":{"rendered":"F\u00f6ldi Barbara"},"content":{"rendered":"<div data-elementor-type=\"wp-page\" data-elementor-id=\"299\" class=\"elementor elementor-299\" data-elementor-post-type=\"page\">\n\t\t\t\t\t\t<section class=\"elementor-section elementor-top-section elementor-element elementor-element-21a5bf09 elementor-section-boxed elementor-section-height-default elementor-section-height-default\" data-id=\"21a5bf09\" data-element_type=\"section\" data-e-type=\"section\" data-settings=\"{&quot;background_background&quot;:&quot;classic&quot;}\">\n\t\t\t\t\t\t\t<div class=\"elementor-background-overlay\"><\/div>\n\t\t\t\t\t\t\t<div class=\"elementor-container elementor-column-gap-default\">\n\t\t\t\t\t<div class=\"elementor-column elementor-col-100 elementor-top-column elementor-element elementor-element-182c67cb\" data-id=\"182c67cb\" data-element_type=\"column\" data-e-type=\"column\">\n\t\t\t<div class=\"elementor-widget-wrap elementor-element-populated\">\n\t\t\t\t\t\t<div class=\"elementor-element elementor-element-66e7f525 de_scroll_animation_no elementor-invisible elementor-widget elementor-widget-elementskit-heading\" data-id=\"66e7f525\" data-element_type=\"widget\" data-e-type=\"widget\" data-settings=\"{&quot;_animation&quot;:&quot;fadeInUp&quot;}\" data-widget_type=\"elementskit-heading.default\">\n\t\t\t\t<div class=\"elementor-widget-container\">\n\t\t\t\t\t<div class=\"ekit-wid-con\" ><div class=\"ekit-heading elementskit-section-title-wraper text_center   ekit_heading_tablet-   ekit_heading_mobile-\"><h3 class=\"elementskit-section-subtitle\">\n\t\t\t\t\t\ttudatos \u00e9letm\u00f3d\n\t\t\t\t\t<\/h3><h2 class=\"ekit-heading--title elementskit-section-title\">F\u00f6ldi Barbara<\/h2><div class=\"ekit_heading_separetor_wraper ekit_heading_elementskit-border-divider elementskit-style-long\"><div class=\"elementskit-border-divider elementskit-style-long\"><\/div><\/div><\/div><\/div>\t\t\t\t<\/div>\n\t\t\t\t<\/div>\n\t\t\t\t\t<\/div>\n\t\t<\/div>\n\t\t\t\t\t<\/div>\n\t\t<\/section>\n\t\t\t\t<section class=\"elementor-section elementor-top-section elementor-element elementor-element-1905444e elementor-section-boxed elementor-section-height-default elementor-section-height-default\" data-id=\"1905444e\" data-element_type=\"section\" data-e-type=\"section\" data-settings=\"{&quot;background_background&quot;:&quot;classic&quot;}\">\n\t\t\t\t\t\t<div class=\"elementor-container elementor-column-gap-default\">\n\t\t\t\t\t<div class=\"elementor-column elementor-col-50 elementor-top-column elementor-element elementor-element-235de4b9\" data-id=\"235de4b9\" data-element_type=\"column\" data-e-type=\"column\" data-settings=\"{&quot;background_background&quot;:&quot;classic&quot;}\">\n\t\t\t<div class=\"elementor-widget-wrap elementor-element-populated\">\n\t\t\t\t\t\t<div class=\"elementor-element elementor-element-29c5bac0 de_scroll_animation_no elementor-widget elementor-widget-spacer\" data-id=\"29c5bac0\" data-element_type=\"widget\" data-e-type=\"widget\" data-widget_type=\"spacer.default\">\n\t\t\t\t<div class=\"elementor-widget-container\">\n\t\t\t\t\t\t\t<div class=\"elementor-spacer\">\n\t\t\t<div class=\"elementor-spacer-inner\"><\/div>\n\t\t<\/div>\n\t\t\t\t\t\t<\/div>\n\t\t\t\t<\/div>\n\t\t\t\t\t<\/div>\n\t\t<\/div>\n\t\t\t\t<div class=\"elementor-column elementor-col-50 elementor-top-column elementor-element elementor-element-6733b0da\" data-id=\"6733b0da\" data-element_type=\"column\" data-e-type=\"column\">\n\t\t\t<div class=\"elementor-widget-wrap elementor-element-populated\">\n\t\t\t\t\t\t<div class=\"elementor-element elementor-element-3830c26e de_scroll_animation_no elementor-invisible elementor-widget elementor-widget-elementskit-heading\" data-id=\"3830c26e\" data-element_type=\"widget\" data-e-type=\"widget\" data-settings=\"{&quot;_animation&quot;:&quot;fadeInUp&quot;}\" data-widget_type=\"elementskit-heading.default\">\n\t\t\t\t<div class=\"elementor-widget-container\">\n\t\t\t\t\t<div class=\"ekit-wid-con\" ><div class=\"ekit-heading elementskit-section-title-wraper text_left   ekit_heading_tablet-   ekit_heading_mobile-\"><h3 class=\"elementskit-section-subtitle\">\n\t\t\t\t\t\tmamasherpas\n\t\t\t\t\t<\/h3><h2 class=\"ekit-heading--title elementskit-section-title\">A v\u00e1ltoz\u00e1s a tanul\u00e1s v\u00e9geredm\u00e9nye.<\/h2><div class=\"ekit_heading_separetor_wraper ekit_heading_elementskit-border-divider elementskit-style-long\"><div class=\"elementskit-border-divider elementskit-style-long\"><\/div><\/div><\/div><\/div>\t\t\t\t<\/div>\n\t\t\t\t<\/div>\n\t\t\t\t<div class=\"elementor-element elementor-element-7697d83a de_scroll_animation_no elementor-invisible elementor-widget elementor-widget-text-editor\" data-id=\"7697d83a\" data-element_type=\"widget\" data-e-type=\"widget\" data-settings=\"{&quot;_animation&quot;:&quot;fadeInUp&quot;}\" data-widget_type=\"text-editor.default\">\n\t\t\t\t<div class=\"elementor-widget-container\">\n\t\t\t\t\t\t\t\t\t<h4><span style=\"color: #000000;\">Sziasztok!<\/span><\/h4><p>F\u00f6ldi Barbara vagyok, k\u00e9t fantasztikus kisfi\u00fa \u00e9desanyja, magyar \u00e9s olasz gy\u00f6kerekkel. A c\u00e9lom, hogy seg\u00edtsek neked kiteljesedni egy tudatos \u00e9letm\u00f3d ment\u00e9n, amely amellett hogy fenntarthat\u00f3, harm\u00f3ni\u00e1t teremt a term\u00e9szettel.<\/p><p>A \"BennedN\u0151\" 8 hetes mentorprogram t\u00e1rsalkot\u00f3ja vagyok, amit  mindazok sz\u00e1m\u00e1ra h\u00edvtunk \u00e9letre, akik saj\u00e1t \u00e9rt\u00e9keik szerint szeretn\u00e9nek \u00e9lni, harm\u00f3ni\u00e1ban \u00f6nmagukkal \u00e9s csal\u00e1djukkal. Gyakran csak akkor \u00e9rtj\u00fck meg igaz\u00e1n, mi az igaz\u00e1n fontos \u00e9s \u00e9rt\u00e9kes sz\u00e1munkra, amikor karunkban tartjuk gyermek\u00fcnket. Egy olyan \u00e9letet szeretn\u00e9nk teremteni, ahol jelen lehet\u00fcnk csal\u00e1dunk \u00e9let\u00e9ben.<\/p><p>V\u00e1llalkoz\u00e1s fejleszt\u00e9si mentork\u00e9nt, n\u0151k\u00e9nt \u00e9s anyak\u00e9nt abban tudok neked seg\u00edteni, hogy \u00fagy alak\u00edtsd ki a v\u00e1llalkoz\u00e1sod, hogy az teljesen \u00f6nazonos legyen \u00e9s \u00f6sszhangban legyen veled \u00e9s a csal\u00e1doddal egyar\u00e1nt. Foglalhatsz velem egy\u00e9ni mentor\u00e1l\u00e1st, vagy csatlakozhatsz a 6 hetes Tudatos Sz\u00fcl\u0151 online programhoz.<\/p><p>Tov\u00e1bb\u00e1 workshopokat is k\u00edn\u00e1lok, ahol gyakorlati tud\u00e1st szerezhetsz: a vegyszermentes tiszt\u00edt\u00f3szerek k\u00e9sz\u00edt\u00e9s\u00e9t\u0151l \u00e9s az ill\u00f3olajok erej\u00e9nek kihaszn\u00e1l\u00e1s\u00e1n \u00e1t a term\u00e9szetes \u00f6sszetev\u0151kb\u0151l k\u00e9sz\u00fclt bab\u00e1knak sz\u00e1nt \u00e1pol\u00e1si term\u00e9kekig. Seg\u00edtek neked a hullad\u00e9k cs\u00f6kkent\u00e9s\u00e9ben \u00e9s annak \u00e9rt\u00e9k\u00e9nek felismer\u00e9s\u00e9ben. Programjaimon kereszt\u00fcl z\u00f6ldebb, fenntarthat\u00f3bb bolyg\u00f3t biztos\u00edtsunk gyermekeink sz\u00e1m\u00e1ra, akik ugyan\u00fagy meg\u00e9lhetik a term\u00e9szet sz\u00e9ps\u00e9g\u00e9t, mint mi.<\/p><p>Az \u00e9n utam 2011-ben indult mikor tudatosan kezdtem foglalkozni fenntarthat\u00f3s\u00e1gi t\u00e9m\u00e1kkal \u2013 mint \u00e9lm\u00e9nyalap\u00fa oktat\u00f3 \u00e9s tananyagtervez\u0151.<\/p><p>Tedd meg az els\u0151 l\u00e9p\u00e9st a tudatoss\u00e1g \u00fatj\u00e1n, csatlakozz valamelyik programomhoz.<\/p>\t\t\t\t\t\t\t\t<\/div>\n\t\t\t\t<\/div>\n\t\t\t\t<div class=\"elementor-element elementor-element-12da83b elementor-align-left de_scroll_animation_no elementor-widget elementor-widget-elementskit-button\" data-id=\"12da83b\" data-element_type=\"widget\" data-e-type=\"widget\" data-widget_type=\"elementskit-button.default\">\n\t\t\t\t<div class=\"elementor-widget-container\">\n\t\t\t\t\t<div class=\"ekit-wid-con\" >\t\t<div class=\"ekit-btn-wraper\">\n\t\t\t\t\t\t\t<a href=\"https:\/\/mamasherpas.care\/hu\/services\/\" class=\"elementskit-btn  whitespace--normal\" id=\"\">\n\t\t\t\t\tId\u0151pontot foglalok\t\t\t\t<\/a>\n\t\t\t\t\t<\/div>\n        <\/div>\t\t\t\t<\/div>\n\t\t\t\t<\/div>\n\t\t\t\t\t<\/div>\n\t\t<\/div>\n\t\t\t\t\t<\/div>\n\t\t<\/section>\n\t\t\t\t<section class=\"elementor-section elementor-top-section elementor-element elementor-element-a41b39b elementor-section-boxed elementor-section-height-default elementor-section-height-default\" data-id=\"a41b39b\" data-element_type=\"section\" data-e-type=\"section\">\n\t\t\t\t\t\t<div class=\"elementor-container elementor-column-gap-default\">\n\t\t\t\t\t<div class=\"elementor-column elementor-col-100 elementor-top-column elementor-element elementor-element-f426f05\" data-id=\"f426f05\" data-element_type=\"column\" data-e-type=\"column\">\n\t\t\t<div class=\"elementor-widget-wrap elementor-element-populated\">\n\t\t\t\t\t\t<div class=\"elementor-element elementor-element-33d372c de_scroll_animation_no elementor-invisible elementor-widget elementor-widget-elementskit-heading\" data-id=\"33d372c\" data-element_type=\"widget\" data-e-type=\"widget\" data-settings=\"{&quot;_animation&quot;:&quot;fadeInUp&quot;}\" data-widget_type=\"elementskit-heading.default\">\n\t\t\t\t<div class=\"elementor-widget-container\">\n\t\t\t\t\t<div class=\"ekit-wid-con\" ><div class=\"ekit-heading elementskit-section-title-wraper text_left   ekit_heading_tablet-   ekit_heading_mobile-\"><h3 class=\"elementskit-section-subtitle\">\n\t\t\t\t\t\tECOMAMA\n\t\t\t\t\t<\/h3><h3 class=\"ekit-heading--title elementskit-section-title\">Online tanfolyamok<\/h3><div class=\"ekit_heading_separetor_wraper ekit_heading_elementskit-border-divider elementskit-style-long\"><div class=\"elementskit-border-divider elementskit-style-long\"><\/div><\/div><\/div><\/div>\t\t\t\t<\/div>\n\t\t\t\t<\/div>\n\t\t\t\t\t<\/div>\n\t\t<\/div>\n\t\t\t\t\t<\/div>\n\t\t<\/section>\n\t\t\t\t<section class=\"elementor-section elementor-top-section elementor-element elementor-element-f8786c8 elementor-section-boxed elementor-section-height-default elementor-section-height-default\" data-id=\"f8786c8\" data-element_type=\"section\" data-e-type=\"section\">\n\t\t\t\t\t\t<div class=\"elementor-container elementor-column-gap-default\">\n\t\t\t\t\t<div class=\"elementor-column elementor-col-100 elementor-top-column elementor-element elementor-element-45bed66\" data-id=\"45bed66\" data-element_type=\"column\" data-e-type=\"column\">\n\t\t\t<div class=\"elementor-widget-wrap elementor-element-populated\">\n\t\t\t\t\t\t<div class=\"elementor-element elementor-element-bddeb80 de_scroll_animation_no elementor-widget elementor-widget-etlms-course-carousel tutor-addon etlms-course-carousel\" data-id=\"bddeb80\" data-element_type=\"widget\" data-e-type=\"widget\" data-settings=\"{&quot;etlms_course_carousel_column&quot;:&quot;3&quot;}\" data-widget_type=\"etlms-course-carousel.default\">\n\t\t\t\t<div class=\"elementor-widget-container\">\n\t\t\t\t\t<div class=\"tutor-wrap tutor-courses-wrap tutor-container etlms-carousel-main-wrap\">\n\t\n\t\t<div class=\"tutor-empty-state td-empty-state tutor-p-32 tutor-text-center\">\n\t\t\t<img decoding=\"async\" src=\"https:\/\/mamasherpas.care\/wp-content\/plugins\/tutor\/assets\/images\/emptystate.svg\" alt=\"No Course Found\" width=\"85%\" \/>\n\t\t\t<div class=\"tutor-fs-6 tutor-color-secondary tutor-text-center\">\n\t\t\tNo Course Found\t\t\t<\/div>\n\t\t<\/div>\n\t\t\n\t<!-- handle elementor settings -->\n\t\t<div id=\"etlms_carousel_settings\" arrows=\"yes\" dots=\"yes\" transition=\"600\" center=\"no\" smoth_scroll=\"linear\" auto_play=\"yes\" auto_play_speed=\"5000\" infinite_loop=\"yes\" pause_on_hover=\"yes\" desktop=\"3\" medium=\"2\" mobile=\"1\">\n\n\t<\/div>\n\t<input type=\"hidden\" id=\"etlms_enroll_btn_type\" value=\"\">\n\t<input type=\"hidden\" id=\"etlms_enroll_btn_cart\" value=\"\">\n<\/div>\n<div class=\"tutor-modal tutor-login-modal\" role=\"dialog\" aria-modal=\"true\" aria-labelledby=\"tutor-login-modal-title\" aria-hidden=\"true\">\n\t<div class=\"tutor-modal-overlay\"><\/div>\n\t<div class=\"tutor-modal-window tutor-modal-window-sm\">\n\t\t<div class=\"tutor-modal-content tutor-modal-content-white\">\n\t\t\t<button class=\"tutor-iconic-btn tutor-modal-close-o\" data-tutor-modal-close aria-label=\"Close login dialog\">\n\t\t\t\t<span class=\"tutor-icon-times\" aria-hidden=\"true\"><\/span>\n\t\t\t<\/button>\n\n\t\t\t<div class=\"tutor-modal-body\">\n\t\t\t\t<div class=\"tutor-py-48\">\n\t\t\t\t\t\t\t\t\t\t<div id=\"tutor-login-modal-title\" class=\"tutor-fs-4 tutor-fw-medium tutor-color-black tutor-mb-32\">Hi, Welcome back!<\/div>\n\t\t\t\t\t<form id=\"tutor-login-form\" method=\"post\" action=\"\">\n\t\t<input type=\"hidden\" id=\"_tutor_nonce\" name=\"_tutor_nonce\" value=\"f62ba72b22\" \/><input type=\"hidden\" name=\"_wp_http_referer\" value=\"\/hu\/wp-json\/wp\/v2\/pages\/299\" \/>\t<input type=\"hidden\" name=\"tutor_action\" value=\"tutor_user_login\" \/>\n\t<input type=\"hidden\" name=\"redirect_to\" value=\"https:\/\/mamasherpas.care\/hu\/wp-json\/wp\/v2\/pages\/299\" \/>\n\n\t<div class=\"tutor-mb-20\">\n\t\t<input type=\"text\" class=\"tutor-form-control\" placeholder=\"Felhaszn\u00e1l\u00f3n\u00e9v vagy E-mail c\u00edm\" name=\"log\" value=\"\" size=\"20\" required>\n\t<\/div>\n\n\t<div class=\"tutor-mb-32\">\n\t\t<input type=\"password\" class=\"tutor-form-control\" placeholder=\"Jelsz\u00f3\" name=\"pwd\" value=\"\" size=\"20\" required>\n\t<\/div>\n\n\t<div class=\"tutor-login-error\" role=\"alert\" aria-live=\"polite\"><\/div>\n\t\t\t<input type=\"hidden\" name=\"timezone\" value=\"+01:00\" \/>\n\t\t<script>\n\t\t\tdocument.addEventListener('DOMContentLoaded', function() {\n\t\t\t\tconst timezone = document.querySelector('input[name=\"timezone\"]');\n\t\t\t\tif ( timezone) {\n\t\t\t\t\tconst tz = Intl.DateTimeFormat().resolvedOptions().timeZone;\n\t\t\t\t\ttimezone.value = tz\n\t\t\t\t}\n\t\t\t});\n\t\t<\/script>\n\t\t\t<div class=\"tutor-d-flex tutor-justify-between tutor-align-center tutor-mb-40\">\n\t\t<div class=\"tutor-form-check\">\n\t\t\t<input id=\"tutor-login-agmnt-1\" type=\"checkbox\" class=\"tutor-form-check-input tutor-bg-black-40\" name=\"rememberme\" value=\"forever\" \/>\n\t\t\t<label for=\"tutor-login-agmnt-1\" class=\"tutor-fs-7 tutor-color-muted\">\n\t\t\t\tKeep me signed in\t\t\t<\/label>\n\t\t<\/div>\n\t\t<a href=\"https:\/\/mamasherpas.care\/hu\/dashboard\/retrieve-password\" class=\"tutor-btn tutor-btn-ghost\">\n\t\t\tForgot Password?\t\t<\/a>\n\t<\/div>\n\n\t\t<button type=\"submit\" class=\"tutor-btn tutor-btn-primary tutor-btn-block\">\n\t\tSign In\t<\/button>\n\n\t\t\t\t\t<div class=\"tutor-text-center tutor-fs-6 tutor-color-secondary tutor-mt-20\">\n\t\t\tDon&#039;t have an account?&nbsp;\n\t\t\t<a href=\"\/hu\/wp-json\/wp\/v2\/pages\/299?redirect_to=https:\/\/mamasherpas.care\/hu\/wp-json\/wp\/v2\/pages\/299\" class=\"tutor-btn tutor-btn-link\">\n\t\t\t\tRegister Now\t\t\t<\/a>\n\t\t<\/div>\n\t\t<input type=\"hidden\" name=\"trp-form-language\" value=\"hu\"\/><\/form>\n<script>\n\tdocument.addEventListener('DOMContentLoaded', function() {\n\t\tvar loginModal = document.querySelector('.tutor-modal.tutor-login-modal');\n\t\tvar errors = [];\n\t\tif (loginModal && errors.length) {\n\t\t\tloginModal.classList.add('tutor-is-active');\n\t\t}\n\t});\n<\/script>\n\n\t\t\t\t\t\t\t\t\t<\/div>\n\t\t\t\t\t\t\t<\/div>\n\t\t<\/div>\n\t<\/div>\n<\/div>\n\t\t\t\t<\/div>\n\t\t\t\t<\/div>\n\t\t\t\t\t<\/div>\n\t\t<\/div>\n\t\t\t\t\t<\/div>\n\t\t<\/section>\n\t\t\t\t<section class=\"elementor-section elementor-top-section elementor-element elementor-element-3c00224 elementor-section-boxed elementor-section-height-default elementor-section-height-default\" data-id=\"3c00224\" data-element_type=\"section\" data-e-type=\"section\">\n\t\t\t\t\t\t<div class=\"elementor-container elementor-column-gap-default\">\n\t\t\t\t\t<div class=\"elementor-column elementor-col-100 elementor-top-column elementor-element elementor-element-8eb27b9\" data-id=\"8eb27b9\" data-element_type=\"column\" data-e-type=\"column\">\n\t\t\t<div class=\"elementor-widget-wrap elementor-element-populated\">\n\t\t\t\t\t\t\t<\/div>\n\t\t<\/div>\n\t\t\t\t\t<\/div>\n\t\t<\/section>\n\t\t\t\t<\/div>","protected":false},"excerpt":{"rendered":"<p>mindful mothers Barbara F\u00f6ldi mamasherpas Change is the end result of learning Hi There! I&#8217;m Barbara Foldi, a mother of two amazing boys with both Hungarian and Italian roots. My goal is to help you embrace a conscious lifestyle alongside your child(ren), one that promotes sustainable living and harmony with nature. I am the co-creator [&hellip;]<\/p>","protected":false},"author":1,"featured_media":0,"parent":0,"menu_order":0,"comment_status":"closed","ping_status":"closed","template":"","meta":{"ocean_post_layout":"full-screen","ocean_both_sidebars_style":"","ocean_both_sidebars_content_width":0,"ocean_both_sidebars_sidebars_width":0,"ocean_sidebar":"0","ocean_second_sidebar":"0","ocean_disable_margins":"enable","ocean_add_body_class":"","ocean_shortcode_before_top_bar":"","ocean_shortcode_after_top_bar":"","ocean_shortcode_before_header":"","ocean_shortcode_after_header":"","ocean_has_shortcode":"","ocean_shortcode_after_title":"","ocean_shortcode_before_footer_widgets":"","ocean_shortcode_after_footer_widgets":"","ocean_shortcode_before_footer_bottom":"","ocean_shortcode_after_footer_bottom":"","ocean_display_top_bar":"default","ocean_display_header":"default","ocean_header_style":"","ocean_center_header_left_menu":"0","ocean_custom_header_template":"0","ocean_custom_logo":0,"ocean_custom_retina_logo":0,"ocean_custom_logo_max_width":0,"ocean_custom_logo_tablet_max_width":0,"ocean_custom_logo_mobile_max_width":0,"ocean_custom_logo_max_height":0,"ocean_custom_logo_tablet_max_height":0,"ocean_custom_logo_mobile_max_height":0,"ocean_header_custom_menu":"0","ocean_menu_typo_font_family":"0","ocean_menu_typo_font_subset":"","ocean_menu_typo_font_size":0,"ocean_menu_typo_font_size_tablet":0,"ocean_menu_typo_font_size_mobile":0,"ocean_menu_typo_font_size_unit":"px","ocean_menu_typo_font_weight":"","ocean_menu_typo_font_weight_tablet":"","ocean_menu_typo_font_weight_mobile":"","ocean_menu_typo_transform":"","ocean_menu_typo_transform_tablet":"","ocean_menu_typo_transform_mobile":"","ocean_menu_typo_line_height":0,"ocean_menu_typo_line_height_tablet":0,"ocean_menu_typo_line_height_mobile":0,"ocean_menu_typo_line_height_unit":"","ocean_menu_typo_spacing":0,"ocean_menu_typo_spacing_tablet":0,"ocean_menu_typo_spacing_mobile":0,"ocean_menu_typo_spacing_unit":"","ocean_menu_link_color":"","ocean_menu_link_color_hover":"","ocean_menu_link_color_active":"","ocean_menu_link_background":"","ocean_menu_link_hover_background":"","ocean_menu_link_active_background":"","ocean_menu_social_links_bg":"","ocean_menu_social_hover_links_bg":"","ocean_menu_social_links_color":"","ocean_menu_social_hover_links_color":"","ocean_disable_title":"default","ocean_disable_heading":"default","ocean_post_title":"","ocean_post_subheading":"","ocean_post_title_style":"","ocean_post_title_background_color":"","ocean_post_title_background":0,"ocean_post_title_bg_image_position":"","ocean_post_title_bg_image_attachment":"","ocean_post_title_bg_image_repeat":"","ocean_post_title_bg_image_size":"","ocean_post_title_height":0,"ocean_post_title_bg_overlay":0.5,"ocean_post_title_bg_overlay_color":"","ocean_disable_breadcrumbs":"default","ocean_breadcrumbs_color":"","ocean_breadcrumbs_separator_color":"","ocean_breadcrumbs_links_color":"","ocean_breadcrumbs_links_hover_color":"","ocean_display_footer_widgets":"default","ocean_display_footer_bottom":"default","ocean_custom_footer_template":"0","footnotes":""},"class_list":["post-299","page","type-page","status-publish","hentry","entry","owp-thumbs-layout-horizontal","owp-btn-normal","owp-tabs-layout-horizontal","has-no-thumbnails"],"_links":{"self":[{"href":"https:\/\/mamasherpas.care\/hu\/wp-json\/wp\/v2\/pages\/299","targetHints":{"allow":["GET"]}}],"collection":[{"href":"https:\/\/mamasherpas.care\/hu\/wp-json\/wp\/v2\/pages"}],"about":[{"href":"https:\/\/mamasherpas.care\/hu\/wp-json\/wp\/v2\/types\/page"}],"author":[{"embeddable":true,"href":"https:\/\/mamasherpas.care\/hu\/wp-json\/wp\/v2\/users\/1"}],"replies":[{"embeddable":true,"href":"https:\/\/mamasherpas.care\/hu\/wp-json\/wp\/v2\/comments?post=299"}],"version-history":[{"count":41,"href":"https:\/\/mamasherpas.care\/hu\/wp-json\/wp\/v2\/pages\/299\/revisions"}],"predecessor-version":[{"id":7905,"href":"https:\/\/mamasherpas.care\/hu\/wp-json\/wp\/v2\/pages\/299\/revisions\/7905"}],"wp:attachment":[{"href":"https:\/\/mamasherpas.care\/hu\/wp-json\/wp\/v2\/media?parent=299"}],"curies":[{"name":"wp","href":"https:\/\/api.w.org\/{rel}","templated":true}]}}