{"id":1331,"date":"2023-09-08T10:38:53","date_gmt":"2023-09-08T10:38:53","guid":{"rendered":"http:\/\/mamasherpas.care\/?page_id=1331"},"modified":"2024-06-03T13:58:31","modified_gmt":"2024-06-03T12:58:31","slug":"become-a-sherpa","status":"publish","type":"page","link":"https:\/\/mamasherpas.care\/hu\/become-a-sherpa\/","title":{"rendered":"sherpa leszek"},"content":{"rendered":"<div data-elementor-type=\"wp-page\" data-elementor-id=\"1331\" class=\"elementor elementor-1331\" data-elementor-post-type=\"page\">\n\t\t\t\t\t\t<section class=\"elementor-section elementor-top-section elementor-element elementor-element-58a52d8 elementor-section-boxed elementor-section-height-default elementor-section-height-default\" data-id=\"58a52d8\" data-element_type=\"section\" data-e-type=\"section\">\n\t\t\t\t\t\t<div class=\"elementor-container elementor-column-gap-default\">\n\t\t\t\t\t<div class=\"elementor-column elementor-col-100 elementor-top-column elementor-element elementor-element-88d00e7\" data-id=\"88d00e7\" data-element_type=\"column\" data-e-type=\"column\">\n\t\t\t<div class=\"elementor-widget-wrap elementor-element-populated\">\n\t\t\t\t\t\t<div class=\"elementor-element elementor-element-3ef7037 de_scroll_animation_no elementor-widget elementor-widget-heading\" data-id=\"3ef7037\" data-element_type=\"widget\" data-e-type=\"widget\" data-widget_type=\"heading.default\">\n\t\t\t\t<div class=\"elementor-widget-container\">\n\t\t\t\t\t<h2 class=\"elementor-heading-title elementor-size-default\">Mert mi az egy\u00fcttm\u0171k\u00f6d\u00e9sben hisz\u00fcnk a verseng\u00e9s helyett.<\/h2>\t\t\t\t<\/div>\n\t\t\t\t<\/div>\n\t\t\t\t\t<\/div>\n\t\t<\/div>\n\t\t\t\t\t<\/div>\n\t\t<\/section>\n\t\t\t\t<section class=\"elementor-section elementor-top-section elementor-element elementor-element-ac584f3 elementor-section-boxed elementor-section-height-default elementor-section-height-default\" data-id=\"ac584f3\" data-element_type=\"section\" data-e-type=\"section\">\n\t\t\t\t\t\t<div class=\"elementor-container elementor-column-gap-default\">\n\t\t\t\t\t<div class=\"elementor-column elementor-col-100 elementor-top-column elementor-element elementor-element-61a2dbe\" data-id=\"61a2dbe\" data-element_type=\"column\" data-e-type=\"column\">\n\t\t\t<div class=\"elementor-widget-wrap elementor-element-populated\">\n\t\t\t\t\t\t<div class=\"elementor-element elementor-element-a9a9d0c de_scroll_animation_no elementor-widget elementor-widget-text-editor\" data-id=\"a9a9d0c\" data-element_type=\"widget\" data-e-type=\"widget\" data-widget_type=\"text-editor.default\">\n\t\t\t\t<div class=\"elementor-widget-container\">\n\t\t\t\t\t\t\t\t\t<p><strong>Csatlakozz megtart\u00f3 v\u00e1llalkoz\u00f3i k\u00f6z\u00f6ss\u00e9g\u00fcnkh\u00f6z<\/strong><\/p><p>Szenved\u00e9lyes v\u00e1llalkoz\u00f3 mompreneur vagy, aki hisz a n\u0151kben rejl\u0151 bels\u0151 er\u0151 kibontakoztat\u00e1s\u00e1nak csod\u00e1j\u00e1ban, hogy harm\u00f3ni\u00e1ban fedezhess\u00e9k fel anyas\u00e1gukat, biztos\u00edtva ezzel a csal\u00e1djuk, a k\u00f6z\u00f6ss\u00e9g \u00e9s a F\u00f6ld j\u00f3ll\u00e9t\u00e9t? Esetleg olyan szolg\u00e1ltat\u00e1st, vagy \u00e9rt\u00e9kes tud\u00e1st osztan\u00e1l meg a v\u00e1rand\u00f3s \u00e9s kisgyermekes \u00e9desany\u00e1kkal, amely t\u00e1mogatja k\u00fcldet\u00e9s\u00fcnket? Ha igen, szeretettel v\u00e1runk a Mamasherpas szak\u00e9rt\u0151kb\u0151l \u00e1ll\u00f3 k\u00f6z\u00f6ss\u00e9g\u00e9ben.<\/p><p><strong>Ez\u00e9rt dolgozunk:<\/strong><\/p><p>A Mamasherpasn\u00e1l elk\u00f6telezettek vagyunk az \u00e9desany\u00e1k szellemi, testi \u00e9s lelki j\u00f3ll\u00e9t\u00e9nek egy\u00fcttes t\u00e1mogat\u00e1sa mellett. K\u00fcldet\u00e9s\u00fcnk a v\u00e1rand\u00f3ss\u00e1g, sz\u00fcl\u00e9s \u00e9s korai sz\u00fcl\u0151v\u00e9 v\u00e1l\u00e1s kulcsfontoss\u00e1g\u00fa f\u00e1zisaiban ny\u00fajtott holisztikus t\u00e1mogat\u00e1s. Az alapvet\u0151 \u00e9rt\u00e9keink k\u00f6z\u00e9 tartozik a bizalom, az egy\u00fctt\u00e9rz\u00e9s \u00e9s a meg\u00e9rt\u00e9s, amelyek meghat\u00e1rozz\u00e1k megk\u00f6zel\u00edt\u00e9s\u00fcnket napjaink \u00e9desany\u00e1inak seg\u00edt\u00e9s\u00e9ben.\u00a0<\/p><p>B\u00e1tor\u00edtjuk \u00e9s inspir\u00e1ljuk egym\u00e1st. <br \/>Tisztelj\u00fck \u00e9s v\u00e9dj\u00fck term\u00e9szeti k\u00f6rnyezet\u00fcnket. <br \/>Nyitottak vagyunk \u00e9s elfogadjuk a v\u00e1ltoz\u00e1st. <br \/>\u00c9rt\u00e9keinket megosztjuk gyermekeinkkel.<\/p><p><strong>Hogyan csatlakozhatsz hozz\u00e1nk:<\/strong><\/p><p>K\u00e9t \u00faton v\u00e1lhatsz k\u00f6z\u00f6ss\u00e9g\u00fcnk tagj\u00e1v\u00e1:<\/p><ol><li><p><strong>T\u00e1mogat\u00f3 szak\u00e9rt\u0151k lista:<\/strong>Ha olyan szolg\u00e1ltat\u00e1sokat vagy \u00e9rt\u00e9kes tud\u00e1st k\u00edn\u00e1lsz, amelyek \u00f6sszhangban vannak k\u00fcldet\u00e9s\u00fcnkkel, akkor jelentkezhetsz a 'T\u00e1mogat\u00e1s' Kateg\u00f3ri\u00e1ba. Oszd meg el\u00e9rhet\u0151s\u00e9geidet, hogy azok a sz\u00fcl\u0151k, akik szak\u00e9rtelmedre v\u00e1gynak, k\u00f6nnyed\u00e9n kapcsolatba l\u00e9phessenek veled.<\/p><\/li><li><p><strong>Legy\u00e9l te is mamasherpas csapattag<\/strong>: Ha szeretn\u00e9d tud\u00e1soddal \u00e9s szak\u00e9rtelmeddel a Mamasherpas k\u00fcldet\u00e9s\u00e9t \u00e1tfog\u00f3an t\u00e1mogatni, akkor jelentkezhetsz Hivatalos Mamasherpas csapattagnak is. Hivatalos Mamasherpask\u00e9nt kulcsfontoss\u00e1g\u00fa szerepet t\u00f6lthetsz be szakmai programjaink kialak\u00edt\u00e1s\u00e1ban, valamint a v\u00e1llalkoz\u00f3i k\u00f6z\u00f6ss\u00e9g \u00e9p\u00edt\u00e9s\u00e9ben, mik\u00f6zben t\u00e1mogatod az \u00e9desany\u00e1kat \u00fatjukon. Saj\u00e1t sherpa profilod alatt alkothatod meg speci\u00e1lis programodat, kihaszn\u00e1lva a csapatban rejl\u0151 szinergi\u00e1kat a mamasherpas brand erny\u0151je alatt. V\u00e1gyunk egy olyan szak\u00e9rt\u0151i k\u00f6z\u00f6ss\u00e9g \u00e9s egyben tud\u00e1sb\u00e1zis \u00e9p\u00edt\u00e9se, ahol mi, v\u00e1llalkoz\u00f3 any\u00e1k egym\u00e1st motiv\u00e1lva \u00e9s t\u00e1mogatva, k\u00f6z\u00f6sen fejl\u0151dve teljesedhet\u00fcnk ki hivat\u00e1sunkban, ahol sherp\u00e1nak lenni egy \u00e9rt\u00e9k.<\/p><\/li><\/ol><p><strong>Jelentkezz:<\/strong><\/p><p>A jelentkez\u00e9shez \u00e9s tov\u00e1bbi inform\u00e1ci\u00f3k\u00e9rt k\u00e9rlek k\u00fcldj egy emailt a contact@mamasherpas.care c\u00edmre, \"Sherpa leszek\" jelig\u00e9vel. Ne felejtsd el megadni nevedet, egy r\u00f6vid bemutatkoz\u00e1st \u00e9s szakter\u00fcleted vagy szolg\u00e1ltat\u00e1saidat. Mi pedig felvessz\u00fck veled a kapcsolatot, hogy megbesz\u00e9lj\u00fck, hogyan v\u00e1lhatsz a k\u00fcldet\u00e9s\u00fcnk r\u00e9sz\u00e9v\u00e9.<\/p><p><strong>Egy\u00fctt v\u00e1ltoz\u00e1st hozhatunk az any\u00e1k \u00e9s csal\u00e1dok \u00e9let\u00e9ben. Csatlakozz hozz\u00e1nk a t\u00e1rsadalmi felel\u0151ss\u00e9gv\u00e1llal\u00e1si projekt\u00fcnkben \u00e9s seg\u00edts egy olyan vil\u00e1got teremteni, ahol a n\u0151k er\u0151ben, harm\u00f3ni\u00e1ban \u00e9s \u00f6nbizalommal telve teljesedhetnek ki anyas\u00e1gukban.<\/strong><\/p><p>V\u00e1runk szeretettel a Mamasherpas k\u00f6z\u00f6ss\u00e9gben!<\/p><p>\u00d6lel\u00e9s,<\/p><p>Kinga - alap\u00edt\u00f3 <br \/>mamasherpas<\/p>\t\t\t\t\t\t\t\t<\/div>\n\t\t\t\t<\/div>\n\t\t\t\t\t<\/div>\n\t\t<\/div>\n\t\t\t\t\t<\/div>\n\t\t<\/section>\n\t\t\t\t<\/div>","protected":false},"excerpt":{"rendered":"<p>Because we believe in collaboration instead of competition. Join Our Thriving Community of Mompreneurs Are you a passionate mompreneur who believes in empowering mothers on their incredible journey from pregnancy through early parenthood? Do you offer valuable services or have knowledge to share in support of this mission? If so, we invite you to become [&hellip;]<\/p>","protected":false},"author":1,"featured_media":0,"parent":0,"menu_order":0,"comment_status":"closed","ping_status":"closed","template":"","meta":{"ocean_post_layout":"","ocean_both_sidebars_style":"","ocean_both_sidebars_content_width":0,"ocean_both_sidebars_sidebars_width":0,"ocean_sidebar":"0","ocean_second_sidebar":"0","ocean_disable_margins":"enable","ocean_add_body_class":"","ocean_shortcode_before_top_bar":"","ocean_shortcode_after_top_bar":"","ocean_shortcode_before_header":"","ocean_shortcode_after_header":"","ocean_has_shortcode":"","ocean_shortcode_after_title":"","ocean_shortcode_before_footer_widgets":"","ocean_shortcode_after_footer_widgets":"","ocean_shortcode_before_footer_bottom":"","ocean_shortcode_after_footer_bottom":"","ocean_display_top_bar":"default","ocean_display_header":"default","ocean_header_style":"","ocean_center_header_left_menu":"0","ocean_custom_header_template":"0","ocean_custom_logo":0,"ocean_custom_retina_logo":0,"ocean_custom_logo_max_width":0,"ocean_custom_logo_tablet_max_width":0,"ocean_custom_logo_mobile_max_width":0,"ocean_custom_logo_max_height":0,"ocean_custom_logo_tablet_max_height":0,"ocean_custom_logo_mobile_max_height":0,"ocean_header_custom_menu":"0","ocean_menu_typo_font_family":"0","ocean_menu_typo_font_subset":"","ocean_menu_typo_font_size":0,"ocean_menu_typo_font_size_tablet":0,"ocean_menu_typo_font_size_mobile":0,"ocean_menu_typo_font_size_unit":"px","ocean_menu_typo_font_weight":"","ocean_menu_typo_font_weight_tablet":"","ocean_menu_typo_font_weight_mobile":"","ocean_menu_typo_transform":"","ocean_menu_typo_transform_tablet":"","ocean_menu_typo_transform_mobile":"","ocean_menu_typo_line_height":0,"ocean_menu_typo_line_height_tablet":0,"ocean_menu_typo_line_height_mobile":0,"ocean_menu_typo_line_height_unit":"","ocean_menu_typo_spacing":0,"ocean_menu_typo_spacing_tablet":0,"ocean_menu_typo_spacing_mobile":0,"ocean_menu_typo_spacing_unit":"","ocean_menu_link_color":"","ocean_menu_link_color_hover":"","ocean_menu_link_color_active":"","ocean_menu_link_background":"","ocean_menu_link_hover_background":"","ocean_menu_link_active_background":"","ocean_menu_social_links_bg":"","ocean_menu_social_hover_links_bg":"","ocean_menu_social_links_color":"","ocean_menu_social_hover_links_color":"","ocean_disable_title":"default","ocean_disable_heading":"default","ocean_post_title":"","ocean_post_subheading":"","ocean_post_title_style":"","ocean_post_title_background_color":"","ocean_post_title_background":0,"ocean_post_title_bg_image_position":"","ocean_post_title_bg_image_attachment":"","ocean_post_title_bg_image_repeat":"","ocean_post_title_bg_image_size":"","ocean_post_title_height":0,"ocean_post_title_bg_overlay":0.5,"ocean_post_title_bg_overlay_color":"","ocean_disable_breadcrumbs":"default","ocean_breadcrumbs_color":"","ocean_breadcrumbs_separator_color":"","ocean_breadcrumbs_links_color":"","ocean_breadcrumbs_links_hover_color":"","ocean_display_footer_widgets":"default","ocean_display_footer_bottom":"default","ocean_custom_footer_template":"0","footnotes":""},"class_list":["post-1331","page","type-page","status-publish","hentry","entry","owp-thumbs-layout-horizontal","owp-btn-normal","owp-tabs-layout-horizontal","has-no-thumbnails"],"_links":{"self":[{"href":"https:\/\/mamasherpas.care\/hu\/wp-json\/wp\/v2\/pages\/1331","targetHints":{"allow":["GET"]}}],"collection":[{"href":"https:\/\/mamasherpas.care\/hu\/wp-json\/wp\/v2\/pages"}],"about":[{"href":"https:\/\/mamasherpas.care\/hu\/wp-json\/wp\/v2\/types\/page"}],"author":[{"embeddable":true,"href":"https:\/\/mamasherpas.care\/hu\/wp-json\/wp\/v2\/users\/1"}],"replies":[{"embeddable":true,"href":"https:\/\/mamasherpas.care\/hu\/wp-json\/wp\/v2\/comments?post=1331"}],"version-history":[{"count":11,"href":"https:\/\/mamasherpas.care\/hu\/wp-json\/wp\/v2\/pages\/1331\/revisions"}],"predecessor-version":[{"id":5690,"href":"https:\/\/mamasherpas.care\/hu\/wp-json\/wp\/v2\/pages\/1331\/revisions\/5690"}],"wp:attachment":[{"href":"https:\/\/mamasherpas.care\/hu\/wp-json\/wp\/v2\/media?parent=1331"}],"curies":[{"name":"wp","href":"https:\/\/api.w.org\/{rel}","templated":true}]}}